{"id":4424,"date":"2021-05-05T10:05:17","date_gmt":"2021-05-05T08:05:17","guid":{"rendered":"https:\/\/puntaestrellayachts.com\/barcos-de-motor\/"},"modified":"2024-07-30T21:17:16","modified_gmt":"2024-07-30T19:17:16","slug":"barcos-de-motor","status":"publish","type":"page","link":"https:\/\/puntaestrellayachts.com\/es\/barcos-de-motor\/","title":{"rendered":"ALQUILER DE BARCOS DE MOTOR"},"content":{"rendered":"<p>[vc_row][vc_column]<div class=\"sc_section margin_top_null\"><div class=\"sc_section_inner\"><div class=\"sc_section_content_wrap\">[vc_single_image image=\u00bb1051&#8243; alignment=\u00bbcenter\u00bb][vc_column_text css=\u00bb.vc_custom_1722366706431{margin-bottom: 50px !important;}\u00bb]<\/p>\n<h2 style=\"text-align: center;\"><span style=\"color: #050f36;\">Si busca unas c\u00f3modas vacaciones en barco con su <span style=\"color: #122369;\">familia y amigos, <\/span><span style=\"color: #122369;\">el <\/span><strong><span style=\"color: #122369;\">alquiler de un barco a motor es la mejor opci\u00f3n<\/span><\/strong><\/span><\/h2>\n<p style=\"text-align: center;\">Descubra nuestras embarcaciones a motor, algunas de las cuales pueden alquilarse con o sin patr\u00f3n. El alquiler de barcos en Denia es una gran opci\u00f3n para descubrir su hermosa costa. Tambi\u00e9n operamos en Javea, Moraira, Altea, as\u00ed como en las Islas Baleares (Ibiza, Formentera, Mallora y Menorca).<\/p>\n<p>[\/vc_column_text][vc_column_text css=\u00bb.vc_custom_1722367034671{margin-bottom: 50px !important;}\u00bb]<\/p>\n<p style=\"text-align: center;\">Los precios indicados son tarifas iniciales. P\u00f3ngase en contacto con nosotros para obtener un presupuesto personalizado.<\/p>\n<p>[\/vc_column_text]<div id=\"sc_boats_790703189_wrap\" class=\"sc_boats_wrap\"><div id=\"sc_boats_790703189\" class=\"sc_boats sc_boats_style_boats-2  margin_top_medium\" style=\"width:100%;\"><div class=\"sc_columns columns_wrap\"><div class=\"column-1_2 column_padding_bottom\">\t\t\t\t\n\t\t\t\t<div id=\"sc_boats_790703189_1\" class=\"sc_boats_item sc_boats_item_1 odd first\">\n\t\t\t\t\t\n\t\t\t\t\t<div class=\"sc_boats_item_top\">\n\t\t\t\t\t\t<a href=\"https:\/\/puntaestrellayachts.com\/es\/boats\/bmax222\/\"><span class=\"boats_price_box\"><span class=\"boats_price_box_item\"><span class=\"boats_price_sign\">\u20ac<\/span><span class=\"boats_price\">430<\/span><span class=\"boats_price_per\">per day<\/span><\/span><\/span><img class=\"wp-post-image\" width=\"770\" height=\"434\" alt=\"BMA X222\" src=\"https:\/\/puntaestrellayachts.com\/wp-content\/uploads\/2021\/09\/277_1-770x434.jpg\"><\/a>\t\t\t\t\t<\/div>\n\t\t\t\t\t<div class=\"sc_boats_item_middle\">\n\t\t\t\t\t\t<div class=\"sc_boats_item_middle_title\">\n\t\t\t\t\t\t\t<a href=\"https:\/\/puntaestrellayachts.com\/es\/boats\/bmax222\/\">BMA X222<\/a>\t\t\t\t\t\t<\/div>\n\t\t\t\t\t\t<div class=\"sc_boats_item_middle_location\">\n\t\t\t\t\t\t\t<span class=\"icon-placeholder\"><\/span> Denia\t\t\t\t\t\t<\/div>\n\t\t\t\t\t<\/div>\n\t\t\t\t\t<div class=\"sc_boats_item_bottom\">\n\t\t\t\t\t\t\n\t\t\t\t\t\t\t\t\t\t\t\t<div class=\"sc_boats_item_bottom_length\">\n\t\t\t\t\t\t\t<span class=\"icon-meter\"><\/span> <strong>6.98 M<\/strong>\n\t\t\t\t\t\t<\/div>\n\t\t\t\t\t\t\t\t\t\t\t\t\n\t\t\t\t\t\t\t\t\t\t\t\t<div class=\"sc_boats_item_bottom_crew\">\n\t\t\t\t\t\t\t<span class=\"icon-profile\"><\/span> <strong>6<\/strong>\n\t\t\t\t\t\t<\/div>\n\t\t\t\t\t\t\t\t\t\t\t\t\n\t\t\t\t\t\t\t\t\t\t\t\t\n\t\t\t\t\t\t<div class=\"cL\"><\/div>\n\t\t\t\t\t\t\n\t\t\t\t\t<\/div>\n\t\t\t\t\t\n\t\t\t\t<\/div>\t\n\t\t\t\t\n\t\t<\/div><div class=\"column-1_2 column_padding_bottom\">\t\t\t\t\n\t\t\t\t<div id=\"sc_boats_790703189_2\" class=\"sc_boats_item sc_boats_item_2 even\">\n\t\t\t\t\t\n\t\t\t\t\t<div class=\"sc_boats_item_top\">\n\t\t\t\t\t\t<a href=\"https:\/\/puntaestrellayachts.com\/es\/boats\/luxury-yacht-alquiler\/\"><span class=\"boats_price_box\"><span class=\"boats_price_box_item\"><span class=\"boats_price_sign\">\u20ac<\/span><span class=\"boats_price\">5500<\/span><span class=\"boats_price_per\">per day<\/span><\/span><\/span><img class=\"wp-post-image\" width=\"770\" height=\"434\" alt=\"M\/Y DOUBLE D\" src=\"https:\/\/puntaestrellayachts.com\/wp-content\/uploads\/2020\/11\/Double-D-81-1-scaled-770x434.jpg\"><\/a>\t\t\t\t\t<\/div>\n\t\t\t\t\t<div class=\"sc_boats_item_middle\">\n\t\t\t\t\t\t<div class=\"sc_boats_item_middle_title\">\n\t\t\t\t\t\t\t<a href=\"https:\/\/puntaestrellayachts.com\/es\/boats\/luxury-yacht-alquiler\/\">M\/Y DOUBLE D<\/a>\t\t\t\t\t\t<\/div>\n\t\t\t\t\t\t<div class=\"sc_boats_item_middle_location\">\n\t\t\t\t\t\t\t<span class=\"icon-placeholder\"><\/span> Denia\t\t\t\t\t\t<\/div>\n\t\t\t\t\t<\/div>\n\t\t\t\t\t<div class=\"sc_boats_item_bottom\">\n\t\t\t\t\t\t\n\t\t\t\t\t\t\t\t\t\t\t\t<div class=\"sc_boats_item_bottom_length\">\n\t\t\t\t\t\t\t<span class=\"icon-meter\"><\/span> <strong>36 M<\/strong>\n\t\t\t\t\t\t<\/div>\n\t\t\t\t\t\t\t\t\t\t\t\t\n\t\t\t\t\t\t\t\t\t\t\t\t<div class=\"sc_boats_item_bottom_crew\">\n\t\t\t\t\t\t\t<span class=\"icon-profile\"><\/span> <strong>12<\/strong>\n\t\t\t\t\t\t<\/div>\n\t\t\t\t\t\t\t\t\t\t\t\t\n\t\t\t\t\t\t\t\t\t\t\t\t<div class=\"sc_boats_item_bottom_cabins\">\n\t\t\t\t\t\t\t<span class=\"icon-bed\"><\/span> <strong>12<\/strong>\n\t\t\t\t\t\t<\/div>\n\t\t\t\t\t\t\t\t\t\t\t\t\n\t\t\t\t\t\t<div class=\"cL\"><\/div>\n\t\t\t\t\t\t\n\t\t\t\t\t<\/div>\n\t\t\t\t\t\n\t\t\t\t<\/div>\t\n\t\t\t\t\n\t\t<\/div><div class=\"column-1_2 column_padding_bottom\">\t\t\t\t\n\t\t\t\t<div id=\"sc_boats_790703189_3\" class=\"sc_boats_item sc_boats_item_3 odd\">\n\t\t\t\t\t\n\t\t\t\t\t<div class=\"sc_boats_item_top\">\n\t\t\t\t\t\t<a href=\"https:\/\/puntaestrellayachts.com\/es\/boats\/estrella\/\"><span class=\"boats_price_box\"><span class=\"boats_price_box_item\"><span class=\"boats_price_sign\">\u20ac<\/span><span class=\"boats_price\">210<\/span><span class=\"boats_price_per\">per half day<\/span><\/span><\/span><img class=\"wp-post-image\" width=\"770\" height=\"434\" alt=\"M\/Y ESTRELLA\" src=\"https:\/\/puntaestrellayachts.com\/wp-content\/uploads\/2021\/06\/unnamed-5-scaled-770x434.jpg\"><\/a>\t\t\t\t\t<\/div>\n\t\t\t\t\t<div class=\"sc_boats_item_middle\">\n\t\t\t\t\t\t<div class=\"sc_boats_item_middle_title\">\n\t\t\t\t\t\t\t<a href=\"https:\/\/puntaestrellayachts.com\/es\/boats\/estrella\/\">M\/Y ESTRELLA<\/a>\t\t\t\t\t\t<\/div>\n\t\t\t\t\t\t<div class=\"sc_boats_item_middle_location\">\n\t\t\t\t\t\t\t<span class=\"icon-placeholder\"><\/span> inherit\t\t\t\t\t\t<\/div>\n\t\t\t\t\t<\/div>\n\t\t\t\t\t<div class=\"sc_boats_item_bottom\">\n\t\t\t\t\t\t\n\t\t\t\t\t\t\t\t\t\t\t\t<div class=\"sc_boats_item_bottom_length\">\n\t\t\t\t\t\t\t<span class=\"icon-meter\"><\/span> <strong>7.49 M<\/strong>\n\t\t\t\t\t\t<\/div>\n\t\t\t\t\t\t\t\t\t\t\t\t\n\t\t\t\t\t\t\t\t\t\t\t\t<div class=\"sc_boats_item_bottom_crew\">\n\t\t\t\t\t\t\t<span class=\"icon-profile\"><\/span> <strong>8<\/strong>\n\t\t\t\t\t\t<\/div>\n\t\t\t\t\t\t\t\t\t\t\t\t\n\t\t\t\t\t\t\t\t\t\t\t\t\n\t\t\t\t\t\t<div class=\"cL\"><\/div>\n\t\t\t\t\t\t\n\t\t\t\t\t<\/div>\n\t\t\t\t\t\n\t\t\t\t<\/div>\t\n\t\t\t\t\n\t\t<\/div><div class=\"column-1_2 column_padding_bottom\">\t\t\t\t\n\t\t\t\t<div id=\"sc_boats_790703189_4\" class=\"sc_boats_item sc_boats_item_4 even\">\n\t\t\t\t\t\n\t\t\t\t\t<div class=\"sc_boats_item_top\">\n\t\t\t\t\t\t<a href=\"https:\/\/puntaestrellayachts.com\/es\/boats\/m-y-five\/\"><span class=\"boats_price_box\"><span class=\"boats_price_box_item\"><span class=\"boats_price_sign\">\u20ac<\/span><span class=\"boats_price\">2550<\/span><span class=\"boats_price_per\">per day<\/span><\/span><\/span><img class=\"wp-post-image\" width=\"770\" height=\"434\" alt=\"M\/Y FIVE\" src=\"https:\/\/puntaestrellayachts.com\/wp-content\/uploads\/2021\/05\/alquiler-yate-ibiza-Princess-V53-navegando-scaled-1-770x434.jpg\"><\/a>\t\t\t\t\t<\/div>\n\t\t\t\t\t<div class=\"sc_boats_item_middle\">\n\t\t\t\t\t\t<div class=\"sc_boats_item_middle_title\">\n\t\t\t\t\t\t\t<a href=\"https:\/\/puntaestrellayachts.com\/es\/boats\/m-y-five\/\">M\/Y FIVE<\/a>\t\t\t\t\t\t<\/div>\n\t\t\t\t\t\t<div class=\"sc_boats_item_middle_location\">\n\t\t\t\t\t\t\t<span class=\"icon-placeholder\"><\/span> Denia\t\t\t\t\t\t<\/div>\n\t\t\t\t\t<\/div>\n\t\t\t\t\t<div class=\"sc_boats_item_bottom\">\n\t\t\t\t\t\t\n\t\t\t\t\t\t\t\t\t\t\t\t<div class=\"sc_boats_item_bottom_length\">\n\t\t\t\t\t\t\t<span class=\"icon-meter\"><\/span> <strong>16.12 M<\/strong>\n\t\t\t\t\t\t<\/div>\n\t\t\t\t\t\t\t\t\t\t\t\t\n\t\t\t\t\t\t\t\t\t\t\t\t<div class=\"sc_boats_item_bottom_crew\">\n\t\t\t\t\t\t\t<span class=\"icon-profile\"><\/span> <strong>12<\/strong>\n\t\t\t\t\t\t<\/div>\n\t\t\t\t\t\t\t\t\t\t\t\t\n\t\t\t\t\t\t\t\t\t\t\t\t<div class=\"sc_boats_item_bottom_cabins\">\n\t\t\t\t\t\t\t<span class=\"icon-bed\"><\/span> <strong>8<\/strong>\n\t\t\t\t\t\t<\/div>\n\t\t\t\t\t\t\t\t\t\t\t\t\n\t\t\t\t\t\t<div class=\"cL\"><\/div>\n\t\t\t\t\t\t\n\t\t\t\t\t<\/div>\n\t\t\t\t\t\n\t\t\t\t<\/div>\t\n\t\t\t\t\n\t\t<\/div><div class=\"column-1_2 column_padding_bottom\">\t\t\t\t\n\t\t\t\t<div id=\"sc_boats_790703189_5\" class=\"sc_boats_item sc_boats_item_5 odd\">\n\t\t\t\t\t\n\t\t\t\t\t<div class=\"sc_boats_item_top\">\n\t\t\t\t\t\t<a href=\"https:\/\/puntaestrellayachts.com\/es\/boats\/m-y-halley\/\"><span class=\"boats_price_box\"><span class=\"boats_price_box_item\"><span class=\"boats_price_sign\">\u20ac<\/span><span class=\"boats_price\">7000<\/span><span class=\"boats_price_per\">per day<\/span><\/span><\/span><img class=\"wp-post-image\" width=\"770\" height=\"434\" alt=\"M\/Y HALLEY\" src=\"https:\/\/puntaestrellayachts.com\/wp-content\/uploads\/2022\/06\/halley_201029_001_2000px-770x434.jpg\"><\/a>\t\t\t\t\t<\/div>\n\t\t\t\t\t<div class=\"sc_boats_item_middle\">\n\t\t\t\t\t\t<div class=\"sc_boats_item_middle_title\">\n\t\t\t\t\t\t\t<a href=\"https:\/\/puntaestrellayachts.com\/es\/boats\/m-y-halley\/\">M\/Y HALLEY<\/a>\t\t\t\t\t\t<\/div>\n\t\t\t\t\t\t<div class=\"sc_boats_item_middle_location\">\n\t\t\t\t\t\t\t<span class=\"icon-placeholder\"><\/span> Ibiza\t\t\t\t\t\t<\/div>\n\t\t\t\t\t<\/div>\n\t\t\t\t\t<div class=\"sc_boats_item_bottom\">\n\t\t\t\t\t\t\n\t\t\t\t\t\t\t\t\t\t\t\t<div class=\"sc_boats_item_bottom_length\">\n\t\t\t\t\t\t\t<span class=\"icon-meter\"><\/span> <strong>24.50 M<\/strong>\n\t\t\t\t\t\t<\/div>\n\t\t\t\t\t\t\t\t\t\t\t\t\n\t\t\t\t\t\t\t\t\t\t\t\t<div class=\"sc_boats_item_bottom_crew\">\n\t\t\t\t\t\t\t<span class=\"icon-profile\"><\/span> <strong>8<\/strong>\n\t\t\t\t\t\t<\/div>\n\t\t\t\t\t\t\t\t\t\t\t\t\n\t\t\t\t\t\t\t\t\t\t\t\t<div class=\"sc_boats_item_bottom_cabins\">\n\t\t\t\t\t\t\t<span class=\"icon-bed\"><\/span> <strong>4<\/strong>\n\t\t\t\t\t\t<\/div>\n\t\t\t\t\t\t\t\t\t\t\t\t\n\t\t\t\t\t\t<div class=\"cL\"><\/div>\n\t\t\t\t\t\t\n\t\t\t\t\t<\/div>\n\t\t\t\t\t\n\t\t\t\t<\/div>\t\n\t\t\t\t\n\t\t<\/div><div class=\"column-1_2 column_padding_bottom\">\t\t\t\t\n\t\t\t\t<div id=\"sc_boats_790703189_6\" class=\"sc_boats_item sc_boats_item_6 even\">\n\t\t\t\t\t\n\t\t\t\t\t<div class=\"sc_boats_item_top\">\n\t\t\t\t\t\t<a href=\"https:\/\/puntaestrellayachts.com\/es\/boats\/marina-vice\/\"><span class=\"boats_price_box\"><span class=\"boats_price_box_item\"><span class=\"boats_price_sign\">\u20ac<\/span><span class=\"boats_price\">525<\/span><span class=\"boats_price_per\">per day<\/span><\/span><\/span><img class=\"wp-post-image\" width=\"770\" height=\"434\" alt=\"M\/Y MARINA VICE\" src=\"https:\/\/puntaestrellayachts.com\/wp-content\/uploads\/2022\/06\/image-770x434.png\"><\/a>\t\t\t\t\t<\/div>\n\t\t\t\t\t<div class=\"sc_boats_item_middle\">\n\t\t\t\t\t\t<div class=\"sc_boats_item_middle_title\">\n\t\t\t\t\t\t\t<a href=\"https:\/\/puntaestrellayachts.com\/es\/boats\/marina-vice\/\">M\/Y MARINA VICE<\/a>\t\t\t\t\t\t<\/div>\n\t\t\t\t\t\t<div class=\"sc_boats_item_middle_location\">\n\t\t\t\t\t\t\t<span class=\"icon-placeholder\"><\/span> Denia\t\t\t\t\t\t<\/div>\n\t\t\t\t\t<\/div>\n\t\t\t\t\t<div class=\"sc_boats_item_bottom\">\n\t\t\t\t\t\t\n\t\t\t\t\t\t\t\t\t\t\t\t<div class=\"sc_boats_item_bottom_length\">\n\t\t\t\t\t\t\t<span class=\"icon-meter\"><\/span> <strong>10.87 M<\/strong>\n\t\t\t\t\t\t<\/div>\n\t\t\t\t\t\t\t\t\t\t\t\t\n\t\t\t\t\t\t\t\t\t\t\t\t<div class=\"sc_boats_item_bottom_crew\">\n\t\t\t\t\t\t\t<span class=\"icon-profile\"><\/span> <strong>10<\/strong>\n\t\t\t\t\t\t<\/div>\n\t\t\t\t\t\t\t\t\t\t\t\t\n\t\t\t\t\t\t\t\t\t\t\t\t<div class=\"sc_boats_item_bottom_cabins\">\n\t\t\t\t\t\t\t<span class=\"icon-bed\"><\/span> <strong>4<\/strong>\n\t\t\t\t\t\t<\/div>\n\t\t\t\t\t\t\t\t\t\t\t\t\n\t\t\t\t\t\t<div class=\"cL\"><\/div>\n\t\t\t\t\t\t\n\t\t\t\t\t<\/div>\n\t\t\t\t\t\n\t\t\t\t<\/div>\t\n\t\t\t\t\n\t\t<\/div><div class=\"column-1_2 column_padding_bottom\">\t\t\t\t\n\t\t\t\t<div id=\"sc_boats_790703189_7\" class=\"sc_boats_item sc_boats_item_7 odd\">\n\t\t\t\t\t\n\t\t\t\t\t<div class=\"sc_boats_item_top\">\n\t\t\t\t\t\t<a href=\"https:\/\/puntaestrellayachts.com\/es\/boats\/sagittarius\/\"><span class=\"boats_price_box\"><span class=\"boats_price_box_item\"><span class=\"boats_price_sign\">\u20ac<\/span><span class=\"boats_price\">2450<\/span><span class=\"boats_price_per\">per day<\/span><\/span><\/span><img class=\"wp-post-image\" width=\"770\" height=\"434\" alt=\"M\/Y SAGITTARIUS\" src=\"https:\/\/puntaestrellayachts.com\/wp-content\/uploads\/2021\/08\/PHOTO-2021-07-30-17-46-09-3-e1628172720856.jpg\"><\/a>\t\t\t\t\t<\/div>\n\t\t\t\t\t<div class=\"sc_boats_item_middle\">\n\t\t\t\t\t\t<div class=\"sc_boats_item_middle_title\">\n\t\t\t\t\t\t\t<a href=\"https:\/\/puntaestrellayachts.com\/es\/boats\/sagittarius\/\">M\/Y SAGITTARIUS<\/a>\t\t\t\t\t\t<\/div>\n\t\t\t\t\t\t<div class=\"sc_boats_item_middle_location\">\n\t\t\t\t\t\t\t<span class=\"icon-placeholder\"><\/span> Javea\t\t\t\t\t\t<\/div>\n\t\t\t\t\t<\/div>\n\t\t\t\t\t<div class=\"sc_boats_item_bottom\">\n\t\t\t\t\t\t\n\t\t\t\t\t\t\t\t\t\t\t\t<div class=\"sc_boats_item_bottom_length\">\n\t\t\t\t\t\t\t<span class=\"icon-meter\"><\/span> <strong>17.78 M<\/strong>\n\t\t\t\t\t\t<\/div>\n\t\t\t\t\t\t\t\t\t\t\t\t\n\t\t\t\t\t\t\t\t\t\t\t\t<div class=\"sc_boats_item_bottom_crew\">\n\t\t\t\t\t\t\t<span class=\"icon-profile\"><\/span> <strong>12<\/strong>\n\t\t\t\t\t\t<\/div>\n\t\t\t\t\t\t\t\t\t\t\t\t\n\t\t\t\t\t\t\t\t\t\t\t\t<div class=\"sc_boats_item_bottom_cabins\">\n\t\t\t\t\t\t\t<span class=\"icon-bed\"><\/span> <strong>6<\/strong>\n\t\t\t\t\t\t<\/div>\n\t\t\t\t\t\t\t\t\t\t\t\t\n\t\t\t\t\t\t<div class=\"cL\"><\/div>\n\t\t\t\t\t\t\n\t\t\t\t\t<\/div>\n\t\t\t\t\t\n\t\t\t\t<\/div>\t\n\t\t\t\t\n\t\t<\/div><div class=\"column-1_2 column_padding_bottom\">\t\t\t\t\n\t\t\t\t<div id=\"sc_boats_790703189_8\" class=\"sc_boats_item sc_boats_item_8 even\">\n\t\t\t\t\t\n\t\t\t\t\t<div class=\"sc_boats_item_top\">\n\t\t\t\t\t\t<a href=\"https:\/\/puntaestrellayachts.com\/es\/boats\/3975\/\"><span class=\"boats_price_box\"><span class=\"boats_price_box_item\"><span class=\"boats_price_sign\">\u20ac<\/span><span class=\"boats_price\">475<\/span><span class=\"boats_price_per\">per day<\/span><\/span><\/span><img class=\"wp-post-image\" width=\"770\" height=\"434\" alt=\"MALA VITA\" src=\"https:\/\/puntaestrellayachts.com\/wp-content\/uploads\/2021\/03\/b55206b1-a104-45a2-8c25-8da00f643c27-770x434.jpeg\"><\/a>\t\t\t\t\t<\/div>\n\t\t\t\t\t<div class=\"sc_boats_item_middle\">\n\t\t\t\t\t\t<div class=\"sc_boats_item_middle_title\">\n\t\t\t\t\t\t\t<a href=\"https:\/\/puntaestrellayachts.com\/es\/boats\/3975\/\">MALA VITA<\/a>\t\t\t\t\t\t<\/div>\n\t\t\t\t\t\t<div class=\"sc_boats_item_middle_location\">\n\t\t\t\t\t\t\t<span class=\"icon-placeholder\"><\/span> Javea\t\t\t\t\t\t<\/div>\n\t\t\t\t\t<\/div>\n\t\t\t\t\t<div class=\"sc_boats_item_bottom\">\n\t\t\t\t\t\t\n\t\t\t\t\t\t\t\t\t\t\t\t<div class=\"sc_boats_item_bottom_length\">\n\t\t\t\t\t\t\t<span class=\"icon-meter\"><\/span> <strong>9.83 M<\/strong>\n\t\t\t\t\t\t<\/div>\n\t\t\t\t\t\t\t\t\t\t\t\t\n\t\t\t\t\t\t\t\t\t\t\t\t<div class=\"sc_boats_item_bottom_crew\">\n\t\t\t\t\t\t\t<span class=\"icon-profile\"><\/span> <strong>10<\/strong>\n\t\t\t\t\t\t<\/div>\n\t\t\t\t\t\t\t\t\t\t\t\t\n\t\t\t\t\t\t\t\t\t\t\t\t<div class=\"sc_boats_item_bottom_cabins\">\n\t\t\t\t\t\t\t<span class=\"icon-bed\"><\/span> <strong>4<\/strong>\n\t\t\t\t\t\t<\/div>\n\t\t\t\t\t\t\t\t\t\t\t\t\n\t\t\t\t\t\t<div class=\"cL\"><\/div>\n\t\t\t\t\t\t\n\t\t\t\t\t<\/div>\n\t\t\t\t\t\n\t\t\t\t<\/div>\t\n\t\t\t\t\n\t\t<\/div><\/div><\/div><!-- \/.sc_boats --><\/div><!-- \/.sc_boats_wrap --><a href=\"\/es\/reservas\/\" class=\"sc_button sc_button_round sc_button_style_filled sc_button_style_color_style_color_1 sc_button_size_large aligncenter margin_top_medium\">RESERVA TU BARCO<\/a><\/div><\/div><\/div>[\/vc_column][\/vc_row]<\/p>\n","protected":false},"excerpt":{"rendered":"<p>[vc_row][vc_column][\/vc_column][\/vc_row]<\/p>\n","protected":false},"author":90,"featured_media":0,"parent":0,"menu_order":0,"comment_status":"closed","ping_status":"closed","template":"","meta":[],"yoast_head":"<!-- This site is optimized with the Yoast SEO plugin v18.9 - https:\/\/yoast.com\/wordpress\/plugins\/seo\/ -->\n<title>Alquilar Motoras en Denia | PEY Sue\u00f1os Nauticos<\/title>\n<meta name=\"description\" content=\"Alquila Motoras en Denia, Javea, Moraira y Ibiza con Punta Estrella Yacht Services, alquila tu barco a motor con y sin patr\u00f3n \u00a1Comprueba c\u00f3mo!\" \/>\n<meta name=\"robots\" content=\"index, follow, max-snippet:-1, max-image-preview:large, max-video-preview:-1\" \/>\n<link rel=\"canonical\" href=\"https:\/\/puntaestrellayachts.com\/es\/barcos-de-motor\/\" \/>\n<meta property=\"og:locale\" content=\"es_ES\" \/>\n<meta property=\"og:type\" content=\"article\" \/>\n<meta property=\"og:title\" content=\"Alquilar Motoras en Denia | PEY Sue\u00f1os Nauticos\" \/>\n<meta property=\"og:description\" content=\"Alquila Motoras en Denia, Javea, Moraira y Ibiza con Punta Estrella Yacht Services, alquila tu barco a motor con y sin patr\u00f3n \u00a1Comprueba c\u00f3mo!\" \/>\n<meta property=\"og:url\" content=\"https:\/\/puntaestrellayachts.com\/es\/barcos-de-motor\/\" \/>\n<meta property=\"og:site_name\" content=\"Punta Estrella Yacht Services\" \/>\n<meta property=\"article:modified_time\" content=\"2024-07-30T19:17:16+00:00\" \/>\n<meta name=\"twitter:card\" content=\"summary_large_image\" \/>\n<meta name=\"twitter:label1\" content=\"Tiempo de lectura\" \/>\n\t<meta name=\"twitter:data1\" content=\"1 minuto\" \/>\n<script type=\"application\/ld+json\" class=\"yoast-schema-graph\">{\"@context\":\"https:\/\/schema.org\",\"@graph\":[{\"@type\":\"Organization\",\"@id\":\"https:\/\/puntaestrellayachts.com\/es\/#organization\",\"name\":\"Punta Estrella Yacht Services\",\"url\":\"https:\/\/puntaestrellayachts.com\/es\/\",\"sameAs\":[],\"logo\":{\"@type\":\"ImageObject\",\"inLanguage\":\"es\",\"@id\":\"https:\/\/puntaestrellayachts.com\/es\/#\/schema\/logo\/image\/\",\"url\":\"https:\/\/puntaestrellayachts.com\/wp-content\/uploads\/2020\/05\/logo-home.png\",\"contentUrl\":\"https:\/\/puntaestrellayachts.com\/wp-content\/uploads\/2020\/05\/logo-home.png\",\"width\":168,\"height\":91,\"caption\":\"Punta Estrella Yacht Services\"},\"image\":{\"@id\":\"https:\/\/puntaestrellayachts.com\/es\/#\/schema\/logo\/image\/\"}},{\"@type\":\"WebSite\",\"@id\":\"https:\/\/puntaestrellayachts.com\/es\/#website\",\"url\":\"https:\/\/puntaestrellayachts.com\/es\/\",\"name\":\"Punta Estrella Yacht Services\",\"description\":\"\",\"publisher\":{\"@id\":\"https:\/\/puntaestrellayachts.com\/es\/#organization\"},\"potentialAction\":[{\"@type\":\"SearchAction\",\"target\":{\"@type\":\"EntryPoint\",\"urlTemplate\":\"https:\/\/puntaestrellayachts.com\/es\/?s={search_term_string}\"},\"query-input\":\"required name=search_term_string\"}],\"inLanguage\":\"es\"},{\"@type\":\"WebPage\",\"@id\":\"https:\/\/puntaestrellayachts.com\/es\/barcos-de-motor\/#webpage\",\"url\":\"https:\/\/puntaestrellayachts.com\/es\/barcos-de-motor\/\",\"name\":\"Alquilar Motoras en Denia | PEY Sue\u00f1os Nauticos\",\"isPartOf\":{\"@id\":\"https:\/\/puntaestrellayachts.com\/es\/#website\"},\"datePublished\":\"2021-05-05T08:05:17+00:00\",\"dateModified\":\"2024-07-30T19:17:16+00:00\",\"description\":\"Alquila Motoras en Denia, Javea, Moraira y Ibiza con Punta Estrella Yacht Services, alquila tu barco a motor con y sin patr\u00f3n \u00a1Comprueba c\u00f3mo!\",\"breadcrumb\":{\"@id\":\"https:\/\/puntaestrellayachts.com\/es\/barcos-de-motor\/#breadcrumb\"},\"inLanguage\":\"es\",\"potentialAction\":[{\"@type\":\"ReadAction\",\"target\":[\"https:\/\/puntaestrellayachts.com\/es\/barcos-de-motor\/\"]}]},{\"@type\":\"BreadcrumbList\",\"@id\":\"https:\/\/puntaestrellayachts.com\/es\/barcos-de-motor\/#breadcrumb\",\"itemListElement\":[{\"@type\":\"ListItem\",\"position\":1,\"name\":\"Home\",\"item\":\"https:\/\/puntaestrellayachts.com\/es\/\"},{\"@type\":\"ListItem\",\"position\":2,\"name\":\"ALQUILER DE BARCOS DE MOTOR\"}]}]}<\/script>\n<!-- \/ Yoast SEO plugin. -->","yoast_head_json":{"title":"Alquilar Motoras en Denia | PEY Sue\u00f1os Nauticos","description":"Alquila Motoras en Denia, Javea, Moraira y Ibiza con Punta Estrella Yacht Services, alquila tu barco a motor con y sin patr\u00f3n \u00a1Comprueba c\u00f3mo!","robots":{"index":"index","follow":"follow","max-snippet":"max-snippet:-1","max-image-preview":"max-image-preview:large","max-video-preview":"max-video-preview:-1"},"canonical":"https:\/\/puntaestrellayachts.com\/es\/barcos-de-motor\/","og_locale":"es_ES","og_type":"article","og_title":"Alquilar Motoras en Denia | PEY Sue\u00f1os Nauticos","og_description":"Alquila Motoras en Denia, Javea, Moraira y Ibiza con Punta Estrella Yacht Services, alquila tu barco a motor con y sin patr\u00f3n \u00a1Comprueba c\u00f3mo!","og_url":"https:\/\/puntaestrellayachts.com\/es\/barcos-de-motor\/","og_site_name":"Punta Estrella Yacht Services","article_modified_time":"2024-07-30T19:17:16+00:00","twitter_card":"summary_large_image","twitter_misc":{"Tiempo de lectura":"1 minuto"},"schema":{"@context":"https:\/\/schema.org","@graph":[{"@type":"Organization","@id":"https:\/\/puntaestrellayachts.com\/es\/#organization","name":"Punta Estrella Yacht Services","url":"https:\/\/puntaestrellayachts.com\/es\/","sameAs":[],"logo":{"@type":"ImageObject","inLanguage":"es","@id":"https:\/\/puntaestrellayachts.com\/es\/#\/schema\/logo\/image\/","url":"https:\/\/puntaestrellayachts.com\/wp-content\/uploads\/2020\/05\/logo-home.png","contentUrl":"https:\/\/puntaestrellayachts.com\/wp-content\/uploads\/2020\/05\/logo-home.png","width":168,"height":91,"caption":"Punta Estrella Yacht Services"},"image":{"@id":"https:\/\/puntaestrellayachts.com\/es\/#\/schema\/logo\/image\/"}},{"@type":"WebSite","@id":"https:\/\/puntaestrellayachts.com\/es\/#website","url":"https:\/\/puntaestrellayachts.com\/es\/","name":"Punta Estrella Yacht Services","description":"","publisher":{"@id":"https:\/\/puntaestrellayachts.com\/es\/#organization"},"potentialAction":[{"@type":"SearchAction","target":{"@type":"EntryPoint","urlTemplate":"https:\/\/puntaestrellayachts.com\/es\/?s={search_term_string}"},"query-input":"required name=search_term_string"}],"inLanguage":"es"},{"@type":"WebPage","@id":"https:\/\/puntaestrellayachts.com\/es\/barcos-de-motor\/#webpage","url":"https:\/\/puntaestrellayachts.com\/es\/barcos-de-motor\/","name":"Alquilar Motoras en Denia | PEY Sue\u00f1os Nauticos","isPartOf":{"@id":"https:\/\/puntaestrellayachts.com\/es\/#website"},"datePublished":"2021-05-05T08:05:17+00:00","dateModified":"2024-07-30T19:17:16+00:00","description":"Alquila Motoras en Denia, Javea, Moraira y Ibiza con Punta Estrella Yacht Services, alquila tu barco a motor con y sin patr\u00f3n \u00a1Comprueba c\u00f3mo!","breadcrumb":{"@id":"https:\/\/puntaestrellayachts.com\/es\/barcos-de-motor\/#breadcrumb"},"inLanguage":"es","potentialAction":[{"@type":"ReadAction","target":["https:\/\/puntaestrellayachts.com\/es\/barcos-de-motor\/"]}]},{"@type":"BreadcrumbList","@id":"https:\/\/puntaestrellayachts.com\/es\/barcos-de-motor\/#breadcrumb","itemListElement":[{"@type":"ListItem","position":1,"name":"Home","item":"https:\/\/puntaestrellayachts.com\/es\/"},{"@type":"ListItem","position":2,"name":"ALQUILER DE BARCOS DE MOTOR"}]}]}},"_links":{"self":[{"href":"https:\/\/puntaestrellayachts.com\/es\/wp-json\/wp\/v2\/pages\/4424"}],"collection":[{"href":"https:\/\/puntaestrellayachts.com\/es\/wp-json\/wp\/v2\/pages"}],"about":[{"href":"https:\/\/puntaestrellayachts.com\/es\/wp-json\/wp\/v2\/types\/page"}],"author":[{"embeddable":true,"href":"https:\/\/puntaestrellayachts.com\/es\/wp-json\/wp\/v2\/users\/90"}],"replies":[{"embeddable":true,"href":"https:\/\/puntaestrellayachts.com\/es\/wp-json\/wp\/v2\/comments?post=4424"}],"version-history":[{"count":13,"href":"https:\/\/puntaestrellayachts.com\/es\/wp-json\/wp\/v2\/pages\/4424\/revisions"}],"predecessor-version":[{"id":6557,"href":"https:\/\/puntaestrellayachts.com\/es\/wp-json\/wp\/v2\/pages\/4424\/revisions\/6557"}],"wp:attachment":[{"href":"https:\/\/puntaestrellayachts.com\/es\/wp-json\/wp\/v2\/media?parent=4424"}],"curies":[{"name":"wp","href":"https:\/\/api.w.org\/{rel}","templated":true}]}}