{"id":35,"date":"2016-07-28T08:52:04","date_gmt":"2016-07-28T08:52:04","guid":{"rendered":"https:\/\/puntaestrellayachts.com\/?page_id=35"},"modified":"2023-09-19T12:36:59","modified_gmt":"2023-09-19T10:36:59","slug":"quienes-somos","status":"publish","type":"page","link":"https:\/\/puntaestrellayachts.com\/es\/quienes-somos\/","title":{"rendered":"QUIENES SOMOS"},"content":{"rendered":"<p>[vc_row full_width=\u00bbstretch_row\u00bb inverse=\u00bbyes\u00bb css=\u00bb.vc_custom_1598183657231{margin-top: -2.4rem !important;background-image: url(https:\/\/puntaestrellayachts.com\/wp-content\/uploads\/2020\/08\/IMG-20200822-WA0009.jpg?id=1627) !important;background-position: center !important;background-repeat: no-repeat !important;background-size: cover !important;}\u00bb][vc_column]<div class=\"columns_wrap sc_columns columns_nofluid sc_columns_count_2 margin_top_px_150 margin_bottom_px_100\"><div class=\"column-1_2 sc_column_item sc_column_item_1 margin-plus odd first\"><div class=\"sc_column_item_inner\" style=\"background-color:#061037;\"><h1 class=\"sc_title sc_title_underline margin_top_px_40 margin_right_px_30 margin_bottom_px_30 margin_left_px_30\" style=\"font-weight:400;\"><strong>QUIENES<\/strong> SOMOS<\/h1>[vc_column_text css=\u00bb.vc_custom_1615896150720{margin-right: 30px !important;margin-bottom: 30px !important;margin-left: 30px !important;}\u00bb]Punta Estrella Yacht Services es una empresa local de servicios para yates con <strong>m\u00e1s de 8 a\u00f1os de experiencia<\/strong> en los costes Blanca proporcionando piezas de calidad y mantenimiento, refit, instalaci\u00f3n y reparaciones para yates a motor y a vela, nuestro objetivo es hacer de toda la experiencia del yate un placer.<\/p>\n<p>Desde 2013 nos enorgullecemos de ser una de las mejores empresas de servicios n\u00e1uticos de Espa\u00f1a, proporcionando un alto est\u00e1ndar de calidad en todos nuestros servicios. Nuestro equipo de marineros, mantenimiento y oficina proviene de un amplio historial de trabajo en yates de lujo y super yates en el mar Mediterr\u00e1neo y en todo el mundo. La fusi\u00f3n de la experiencia profesional y la pasi\u00f3n por el estilo de vida de los yates es lo que hace que nuestro equipo sea \u00fanico a la hora de hacer realidad sus sue\u00f1os n\u00e1uticos.[\/vc_column_text]<\/div><\/div><div class=\"column-1_2 sc_column_item sc_column_item_2 even\" data-animation=\"animated fadeInUp normal\"><\/div><\/div>[\/vc_column][\/vc_row][vc_row full_width=\u00bbstretch_row\u00bb inverse=\u00bb\u00bb css=\u00bb.vc_custom_1603202140637{background-image: url(https:\/\/puntaestrellayachts.com\/wp-content\/uploads\/2020\/08\/wave-bg.png?id=1800) !important;background-position: center !important;background-repeat: no-repeat !important;background-size: cover !important;}\u00bb el_id=\u00bbsocial-desk-es\u00bb][vc_column width=\u00bb1\/2&#8243; css=\u00bb.vc_custom_1603199156157{margin-top: 2.4rem !important;margin-bottom: 2.4rem !important;}\u00bb offset=\u00bbvc_hidden-sm vc_hidden-xs\u00bb]<div class=\"sc_section margin_right_medium\"><div class=\"sc_section_inner\"><div class=\"sc_section_content_wrap\"><h1 class=\"sc_title sc_title_underline margin_top_px_40 margin_right_null margin_bottom_px_30 margin_left_null\" style=\"font-weight:400;\"><strong>RESPONSABILIDADES<\/strong> SOCIALES Y AMBIENTALES <\/h1>[vc_column_text css=\u00bb.vc_custom_1603202045892{margin-bottom: 30px !important;}\u00bb]<\/p>\n<h4>Creemos que es nuestra responsabilidad incorporar la interacci\u00f3n con las partes interesadas en la toma de decisiones en todos los niveles de nuestra empresa.<\/h4>\n<div><\/div>\n<h4>Nuestro servicio: Turismo sostenible<\/h4>\n<div>Promovemos la navegaci\u00f3n como una actividad deportiva y de ocio con conciencia medioambiental en Espa\u00f1a. Nuestro objetivo es convertirnos en un impulsor relevante de la industria de la navegaci\u00f3n sostenible en el Mediterr\u00e1neo.<\/div>\n<div><\/div>\n<h4>Nuestros procesos: Amigable con el medio ambiente y sostenible<\/h4>\n<div>Reducimos nuestro impacto en el medio ambiente mediante el uso de productos de limpieza respetuosos con el medio ambiente, comercializaci\u00f3n sostenible, as\u00ed como procesos de administraci\u00f3n digitalizados.<\/div>\n<div><\/div>\n<h4>Nuestra gente: Nos preocupamos por nuestros empleados<\/h4>\n<div>Nuestro equipo es nuestro poder, por eso apoyamos a cada miembro del equipo en su desarrollo profesional y personal.<\/div>\n<div><\/div>\n<h4>Compartir el crecimiento: Empoderando a las comunidades<\/h4>\n<div>Compartimos nuestro \u00e9xito con las comunidades de las zonas menos afortunadas con donaciones y la organizaci\u00f3n de Eventos Beneficos. Actualmente, apoyamos a la fundaci\u00f3n AWAKE Water for Kids en sus esfuerzos por concienciar y promover la educaci\u00f3n de los ni\u00f1os en Senegal.<\/div>\n<p>[\/vc_column_text]<\/div><\/div><\/div>[\/vc_column][vc_column width=\u00bb1\/2&#8243; css=\u00bb.vc_custom_1603199445005{margin-top: 4.4rem !important;margin-bottom: 2.4rem !important;background-image: url(https:\/\/puntaestrellayachts.com\/wp-content\/uploads\/2020\/10\/eco-photo2.jpg?id=2453) !important;background-position: center !important;background-repeat: no-repeat !important;background-size: cover !important;}\u00bb offset=\u00bbvc_hidden-sm vc_hidden-xs\u00bb]<div class=\"sc_section margin_top_large margin_bottom_medium\" style=\"height:800px;height:800px;\"><div class=\"sc_section_inner\"><div class=\"sc_section_content_wrap\"><h1 class=\"sc_title sc_title_iconed margin_left_large\" style=\"color:#ffffff;font-weight:400;\"><span class=\"sc_title_icon sc_title_icon_top  sc_title_icon_medium\"><img src=\"https:\/\/puntaestrellayachts.com\/wp-content\/uploads\/2020\/08\/logotipo-puntaestrella.svg\" alt=\"\" \/><\/span>AMIGABLE<br \/>\nY SOSTENIBLE<\/h1><\/div><\/div><\/div>[\/vc_column][\/vc_row][vc_row full_width=\u00bbstretch_row\u00bb inverse=\u00bb\u00bb css=\u00bb.vc_custom_1603181257947{background-image: url(https:\/\/puntaestrellayachts.com\/wp-content\/uploads\/2020\/08\/wave-bg.png?id=1800) !important;background-position: center !important;background-repeat: no-repeat !important;background-size: cover !important;}\u00bb][vc_column width=\u00bb1\/2&#8243; css=\u00bb.vc_custom_1603199165457{margin-top: 2.4rem !important;}\u00bb offset=\u00bbvc_hidden-lg vc_hidden-md\u00bb]<div class=\"sc_section\"><div class=\"sc_section_inner\"><div class=\"sc_section_content_wrap\"><h1 class=\"sc_title sc_title_underline margin_top_px_40 margin_right_null margin_bottom_px_30 margin_left_null\" style=\"font-weight:400;font-size:2.2em;\"><strong>RESPONSABILIDADES<\/strong> SOCIALES Y AMBIENTALES<\/h1>[vc_column_text css=\u00bb.vc_custom_1603202094816{margin-bottom: 30px !important;}\u00bb]<\/p>\n<h4>Creemos que es nuestra responsabilidad incorporar la interacci\u00f3n con las partes interesadas en la toma de decisiones en todos los niveles de nuestra empresa.<\/h4>\n<div><\/div>\n<h4>Nuestro servicio: Turismo sostenible<\/h4>\n<div>Promovemos la navegaci\u00f3n como una actividad deportiva y de ocio con conciencia medioambiental en Espa\u00f1a. Nuestro objetivo es convertirnos en un impulsor relevante de la industria de la navegaci\u00f3n sostenible en el Mediterr\u00e1neo.<\/div>\n<div><\/div>\n<h4>Nuestros procesos: Amigable con el medio ambiente y sostenible<\/h4>\n<div>Reducimos nuestro impacto en el medio ambiente mediante el uso de productos de limpieza respetuosos con el medio ambiente, comercializaci\u00f3n sostenible, as\u00ed como procesos de administraci\u00f3n digitalizados.<\/div>\n<div><\/div>\n<h4>Nuestra gente: Nos preocupamos por nuestros empleados<\/h4>\n<div>Nuestro equipo es nuestro poder, por eso apoyamos a cada miembro del equipo en su desarrollo profesional y personal.<\/div>\n<div><\/div>\n<h4>Compartir el crecimiento: Empoderando a las comunidades<\/h4>\n<div>Compartimos nuestro \u00e9xito con las comunidades de las zonas menos afortunadas con donaciones y la organizaci\u00f3n de Eventos Beneficos. Actualmente, apoyamos a la fundaci\u00f3n AWAKE Water for Kids en sus esfuerzos por concienciar y promover la educaci\u00f3n de los ni\u00f1os en Senegal.<\/div>\n<p>[\/vc_column_text]<\/div><\/div><\/div>[\/vc_column][vc_column width=\u00bb1\/2&#8243; css=\u00bb.vc_custom_1603198545317{background-image: url(https:\/\/puntaestrellayachts.com\/wp-content\/uploads\/2020\/10\/eco-photo2.jpg?id=2453) !important;background-position: center !important;background-repeat: no-repeat !important;background-size: contain !important;}\u00bb offset=\u00bbvc_hidden-lg vc_hidden-md\u00bb]<div class=\"sc_section margin_top_null margin_right_null margin_bottom_null margin_left_null\" style=\"height:500px;height:500px;\"><div class=\"sc_section_inner\"><div class=\"sc_section_content_wrap\"><h1 class=\"sc_title sc_title_regular\" style=\"color:#ffffff;font-weight:400;\"><\/p>\n<p>AMIGABLE<br \/>\nY SOSTENIBLE<\/h1><\/div><\/div><\/div>[\/vc_column][\/vc_row][vc_row full_width=\u00bbstretch_row\u00bb inverse=\u00bb\u00bb css=\u00bb.vc_custom_1615896371901{background-color: #061037 !important;}\u00bb el_id=\u00bbcovid-es\u00bb][vc_column]<div class=\"sc_section\" data-animation=\"animated fadeInUp normal\"><div class=\"sc_section_inner\"><div class=\"sc_section_content_wrap\"><h1 class=\"sc_title sc_title_underline sc_align_center margin_top_px_110 margin_bottom_px_50\" style=\"text-align:center;color:#ffffff;font-weight:400;\"><strong>COVID-19<\/strong> MEDIDAS<\/h1><h5 class=\"sc_title sc_title_regular sc_align_center margin_top_null margin_bottom_small\" style=\"text-align:center;color:#ffffff;font-weight:400;\">De acuerdo con el anuncio del gobierno espa\u00f1ol de imponer restricciones para la seguridad de la poblaci\u00f3n, Punta Estrella Yachts est\u00e1 tomando las siguientes medidas COVID-19.<\/h5><\/div><\/div><\/div>[\/vc_column][\/vc_row][vc_row full_width=\u00bbstretch_row\u00bb inverse=\u00bb\u00bb css=\u00bb.vc_custom_1613414399816{padding-bottom: 4rem !important;background-color: #061037 !important;background-position: center !important;background-repeat: no-repeat !important;background-size: cover !important;}\u00bb][vc_column width=\u00bb1\/3&#8243;]<div class=\"sc_section margin_top_tiny margin_right_tiny margin_bottom_tiny margin_left_tiny aligncenter\" style=\"background-color:#ffffff;\"><div class=\"sc_section_inner\"><div class=\"sc_section_overlay\" style=\"\"><div class=\"sc_section_content padding_on\" style=\"\"><div class=\"sc_section_content_wrap\">[vc_column_text css=\u00bb.vc_custom_1615895922376{margin-right: 5% !important;margin-bottom: 30px !important;margin-left: 5% !important;}\u00bb]<\/p>\n<h3><span style=\"color: #000000;\">Kits de prueba de Covid-19 disponibles<\/span><\/h3>\n<div><span style=\"color: #000000;\">\u00a1Nuestra mayor prioridad es hacer que su tiempo a bordo sea seguro!<\/span><\/div>\n<p>[\/vc_column_text]<\/div><\/div><\/div><\/div><\/div>[\/vc_column][vc_column width=\u00bb1\/3&#8243;]<div class=\"sc_section margin_top_tiny margin_right_tiny margin_bottom_tiny margin_left_tiny aligncenter\" style=\"background-color:#ffffff;\"><div class=\"sc_section_inner\"><div class=\"sc_section_overlay\" style=\"\"><div class=\"sc_section_content padding_on\" style=\"\"><div class=\"sc_section_content_wrap\">[vc_column_text css=\u00bb.vc_custom_1615896101816{margin-right: 5% !important;margin-bottom: 30px !important;margin-left: 5% !important;}\u00bb]<\/p>\n<h3>Yates y barcos<\/h3>\n<div>\n<p>Limpieza general de las embarcaciones antes y despu\u00e9s de cada ch\u00e1rter.<br \/>\nLimpieza con tratamiento de ozono antes de cada ch\u00e1rter.<br \/>\nSuministro de mascarillas, gel desinfectante de manos y spray desinfectante de zapatos.<\/p>\n<\/div>\n<p>[\/vc_column_text]<\/div><\/div><\/div><\/div><\/div>[\/vc_column][vc_column width=\u00bb1\/3&#8243;]<div class=\"sc_section margin_top_tiny margin_right_tiny margin_bottom_tiny margin_left_tiny aligncenter\" style=\"background-color:#ffffff;\"><div class=\"sc_section_inner\"><div class=\"sc_section_overlay\" style=\"\"><div class=\"sc_section_content padding_on\" style=\"\"><div class=\"sc_section_content_wrap\">[vc_column_text css=\u00bb.vc_custom_1615896076781{margin-right: 5% !important;margin-bottom: 30px !important;margin-left: 5% !important;}\u00bb]<\/p>\n<h3>Formaci\u00f3n de equipos y tripulaciones<\/h3>\n<div>Formamos a nuestro equipo y a nuestra tripulaci\u00f3n con regularidad para que cumplan las directrices de seguridad de covid-19 para garantizar su m\u00e1xima seguridad.<\/div>\n<p>[\/vc_column_text]<\/div><\/div><\/div><\/div><\/div>[\/vc_column][\/vc_row][vc_row full_width=\u00bbstretch_row\u00bb inverse=\u00bb\u00bb css=\u00bb.vc_custom_1470919176979{background-color: #eef7fd !important;}\u00bb][vc_column]<div class=\"sc_section\" data-animation=\"animated fadeInUp normal\"><div class=\"sc_section_inner\"><div class=\"sc_section_content_wrap\"><h1 class=\"sc_title sc_title_underline sc_align_center margin_top_px_110 margin_bottom_px_50\" style=\"text-align:center;font-weight:400;\"><b>NUESTRO <\/b>EQUIPO<\/h1><div id=\"sc_team_1788555134_wrap\" class=\"sc_team_wrap\"><div id=\"sc_team_1788555134\" class=\"sc_team sc_team_style_team-1  margin_top_null margin_bottom_px_50\" style=\"width:100%;\"><div class=\"sc_columns columns_wrap\"><div class=\"column-1_3 column_padding_bottom\">\t\t\t<div id=\"sc_team_1788555134_1\"\t\t\t\tclass=\"sc_team_item sc_team_item_1 odd first\"\n\t\t\t\t>\n\t\t\t\t<div class=\"sc_team_item_avatar\"><img class=\"wp-post-image\" width=\"370\" height=\"370\" alt=\"sam.jpg\" src=\"https:\/\/puntaestrellayachts.com\/wp-content\/uploads\/2016\/07\/sam-370x370.jpg\"><\/div>\n\t\t\t\t<div class=\"sc_team_item_info\">\n\t\t\t\t\t<div class=\"sc_team_item_title\"><a href=\"https:\/\/www.linkedin.com\/in\/sam-spencer-white-323bb140\/\">SAM SPENCER-WHITE<\/a><\/div>\n\t\t\t\t\t<div class=\"sc_team_item_position\">DIRECTOR Y JEFE DE BROKERAGE<\/div>\n\t\t\t\t\t<div class=\"sc_socials sc_socials_type_icons sc_socials_shape_round sc_socials_size_tiny\"><div class=\"sc_socials_item\"><a href=\"https:\/\/www.instagram.com\/samspencerwhite\/\" target=\"_blank\" class=\"social_icons social_instagramm\"><span class=\"icon-instagramm\"><\/span><\/a><\/div><\/div>\t\t\t\t<\/div>\n\t\t\t<\/div>\n\t\t<\/div><div class=\"column-1_3 column_padding_bottom\">\t\t\t<div id=\"sc_team_1788555134_2\"\t\t\t\tclass=\"sc_team_item sc_team_item_2 even\"\n\t\t\t\t>\n\t\t\t\t<div class=\"sc_team_item_avatar\"><img class=\"wp-post-image\" width=\"370\" height=\"370\" alt=\"IMG_7266-3.jpg\" src=\"https:\/\/puntaestrellayachts.com\/wp-content\/uploads\/2021\/01\/IMG_7266-3-370x370.jpg\"><\/div>\n\t\t\t\t<div class=\"sc_team_item_info\">\n\t\t\t\t\t<div class=\"sc_team_item_title\"><a href=\"https:\/\/www.linkedin.com\/in\/anna-maria-spencer-white-3a42231b3\/?originalSubdomain=es\">ANNA SPENCER-WHITE<\/a><\/div>\n\t\t\t\t\t<div class=\"sc_team_item_position\">JEFA DE CONTABILIDAD Y ADMINISTRACI\u00d3N<\/div>\n\t\t\t\t\t<div class=\"sc_socials sc_socials_type_icons sc_socials_shape_round sc_socials_size_tiny\"><div class=\"sc_socials_item\"><a href=\"https:\/\/www.instagram.com\/thespencerwhites\/\" target=\"_blank\" class=\"social_icons social_instagramm\"><span class=\"icon-instagramm\"><\/span><\/a><\/div><\/div>\t\t\t\t<\/div>\n\t\t\t<\/div>\n\t\t<\/div><div class=\"column-1_3 column_padding_bottom\">\t\t\t<div id=\"sc_team_1788555134_3\"\t\t\t\tclass=\"sc_team_item sc_team_item_3 odd\"\n\t\t\t\t>\n\t\t\t\t<div class=\"sc_team_item_avatar\"><img class=\"wp-post-image\" width=\"370\" height=\"370\" alt=\"IMG_7257-2-1.jpg\" src=\"https:\/\/puntaestrellayachts.com\/wp-content\/uploads\/2016\/07\/IMG_7257-2-1-370x370.jpg\"><\/div>\n\t\t\t\t<div class=\"sc_team_item_info\">\n\t\t\t\t\t<div class=\"sc_team_item_title\"><a href=\"https:\/\/www.linkedin.com\/in\/eva-kurucz-35657a93\/\">EVA KURUCZ<\/a><\/div>\n\t\t\t\t\t<div class=\"sc_team_item_position\">ENCARGADA DE LA OFICINA<\/div>\n\t\t\t\t\t<div class=\"sc_socials sc_socials_type_icons sc_socials_shape_round sc_socials_size_tiny\"><div class=\"sc_socials_item\"><a href=\"https:\/\/www.instagram.com\/eva_lifeisbeautiful\/\" target=\"_blank\" class=\"social_icons social_instagramm\"><span class=\"icon-instagramm\"><\/span><\/a><\/div><\/div>\t\t\t\t<\/div>\n\t\t\t<\/div>\n\t\t<\/div><div class=\"column-1_3 column_padding_bottom\">\t\t\t<div id=\"sc_team_1788555134_4\"\t\t\t\tclass=\"sc_team_item sc_team_item_4 even\"\n\t\t\t\t>\n\t\t\t\t<div class=\"sc_team_item_avatar\"><img class=\"wp-post-image\" width=\"370\" height=\"370\" alt=\"IMG_7307-2.jpg\" src=\"https:\/\/puntaestrellayachts.com\/wp-content\/uploads\/2021\/01\/IMG_7307-2-370x370.jpg\"><\/div>\n\t\t\t\t<div class=\"sc_team_item_info\">\n\t\t\t\t\t<div class=\"sc_team_item_title\"><a href=\"https:\/\/www.awakewaterforkids.org\/ourteam\">THEA PERNACK<\/a><\/div>\n\t\t\t\t\t<div class=\"sc_team_item_position\">BRANDING Y MARKETING<\/div>\n\t\t\t\t\t<div class=\"sc_socials sc_socials_type_icons sc_socials_shape_round sc_socials_size_tiny\"><div class=\"sc_socials_item\"><a href=\"https:\/\/www.instagram.com\/theseeaa\/\" target=\"_blank\" class=\"social_icons social_instagramm\"><span class=\"icon-instagramm\"><\/span><\/a><\/div><\/div>\t\t\t\t<\/div>\n\t\t\t<\/div>\n\t\t<\/div><\/div><\/div><!-- \/.sc_team --><\/div><!-- \/.sc_team_wrap --><\/div><\/div><\/div><a href=\"https:\/\/www.linkedin.com\/company\/punta-estrella-yachts\/\" class=\"sc_button sc_button_round sc_button_style_filled sc_button_style_color_style_color_1 sc_button_size_large aligncenter margin_top_null margin_bottom_large  sc_button_iconed icon-linkedin\">M\u00c1S INFORMACI\u00d3N<\/a>[\/vc_column][\/vc_row]<\/p>\n","protected":false},"excerpt":{"rendered":"<p>[vc_row full_width=\u00bbstretch_row\u00bb inverse=\u00bbyes\u00bb css=\u00bb.vc_custom_1598183657231{margin-top: -2.4rem !important;background-image: url(https:\/\/puntaestrellayachts.com\/wp-content\/uploads\/2020\/08\/IMG-20200822-WA0009.jpg?id=1627) !important;background-position: center !important;background-repeat: no-repeat !important;background-size: cover !important;}\u00bb][vc_column][\/vc_column][\/vc_row][vc_row full_width=\u00bbstretch_row\u00bb inverse=\u00bb\u00bb css=\u00bb.vc_custom_1603202140637{background-image: url(https:\/\/puntaestrellayachts.com\/wp-content\/uploads\/2020\/08\/wave-bg.png?id=1800) !important;background-position: center !important;background-repeat: no-repeat !important;background-size: cover !important;}\u00bb el_id=\u00bbsocial-desk-es\u00bb][vc_column width=\u00bb1\/2&#8243; css=\u00bb.vc_custom_1603199156157{margin-top: 2.4rem !important;margin-bottom: 2.4rem !important;}\u00bb offset=\u00bbvc_hidden-sm vc_hidden-xs\u00bb][\/vc_column][vc_column width=\u00bb1\/2&#8243; css=\u00bb.vc_custom_1603199445005{margin-top: 4.4rem !important;margin-bottom: 2.4rem !important;background-image: url(https:\/\/puntaestrellayachts.com\/wp-content\/uploads\/2020\/10\/eco-photo2.jpg?id=2453) !important;background-position: center !important;background-repeat: no-repeat !important;background-size: cover !important;}\u00bb offset=\u00bbvc_hidden-sm vc_hidden-xs\u00bb][\/vc_column][\/vc_row][vc_row full_width=\u00bbstretch_row\u00bb inverse=\u00bb\u00bb css=\u00bb.vc_custom_1603181257947{background-image: url(https:\/\/puntaestrellayachts.com\/wp-content\/uploads\/2020\/08\/wave-bg.png?id=1800) !important;background-position: [&hellip;]<\/p>\n","protected":false},"author":90,"featured_media":0,"parent":0,"menu_order":0,"comment_status":"closed","ping_status":"closed","template":"","meta":[],"yoast_head":"<!-- This site is optimized with the Yoast SEO plugin v18.9 - https:\/\/yoast.com\/wordpress\/plugins\/seo\/ -->\n<title>Barcos Denia | PEY Services<\/title>\n<meta name=\"description\" content=\"Barcos Denia con Punta Estrella Yacht, servicios, compra, venta y alquiler de barcos con todos los extras \u00a1Entra ya!\" \/>\n<meta name=\"robots\" content=\"index, follow, max-snippet:-1, max-image-preview:large, max-video-preview:-1\" \/>\n<link rel=\"canonical\" href=\"https:\/\/puntaestrellayachts.com\/es\/quienes-somos\/\" \/>\n<meta property=\"og:locale\" content=\"es_ES\" \/>\n<meta property=\"og:type\" content=\"article\" \/>\n<meta property=\"og:title\" content=\"Barcos Denia | PEY Services\" \/>\n<meta property=\"og:description\" content=\"Barcos Denia con Punta Estrella Yacht, servicios, compra, venta y alquiler de barcos con todos los extras \u00a1Entra ya!\" \/>\n<meta property=\"og:url\" content=\"https:\/\/puntaestrellayachts.com\/es\/quienes-somos\/\" \/>\n<meta property=\"og:site_name\" content=\"Punta Estrella Yacht Services\" \/>\n<meta property=\"article:modified_time\" content=\"2023-09-19T10:36:59+00:00\" \/>\n<meta name=\"twitter:card\" content=\"summary_large_image\" \/>\n<meta name=\"twitter:label1\" content=\"Tiempo de lectura\" \/>\n\t<meta name=\"twitter:data1\" content=\"4 minutos\" \/>\n<script type=\"application\/ld+json\" class=\"yoast-schema-graph\">{\"@context\":\"https:\/\/schema.org\",\"@graph\":[{\"@type\":\"Organization\",\"@id\":\"https:\/\/puntaestrellayachts.com\/es\/#organization\",\"name\":\"Punta Estrella Yacht Services\",\"url\":\"https:\/\/puntaestrellayachts.com\/es\/\",\"sameAs\":[],\"logo\":{\"@type\":\"ImageObject\",\"inLanguage\":\"es\",\"@id\":\"https:\/\/puntaestrellayachts.com\/es\/#\/schema\/logo\/image\/\",\"url\":\"https:\/\/puntaestrellayachts.com\/wp-content\/uploads\/2020\/05\/logo-home.png\",\"contentUrl\":\"https:\/\/puntaestrellayachts.com\/wp-content\/uploads\/2020\/05\/logo-home.png\",\"width\":168,\"height\":91,\"caption\":\"Punta Estrella Yacht Services\"},\"image\":{\"@id\":\"https:\/\/puntaestrellayachts.com\/es\/#\/schema\/logo\/image\/\"}},{\"@type\":\"WebSite\",\"@id\":\"https:\/\/puntaestrellayachts.com\/es\/#website\",\"url\":\"https:\/\/puntaestrellayachts.com\/es\/\",\"name\":\"Punta Estrella Yacht Services\",\"description\":\"\",\"publisher\":{\"@id\":\"https:\/\/puntaestrellayachts.com\/es\/#organization\"},\"potentialAction\":[{\"@type\":\"SearchAction\",\"target\":{\"@type\":\"EntryPoint\",\"urlTemplate\":\"https:\/\/puntaestrellayachts.com\/es\/?s={search_term_string}\"},\"query-input\":\"required name=search_term_string\"}],\"inLanguage\":\"es\"},{\"@type\":\"WebPage\",\"@id\":\"https:\/\/puntaestrellayachts.com\/es\/quienes-somos\/#webpage\",\"url\":\"https:\/\/puntaestrellayachts.com\/es\/quienes-somos\/\",\"name\":\"Barcos Denia | PEY Services\",\"isPartOf\":{\"@id\":\"https:\/\/puntaestrellayachts.com\/es\/#website\"},\"datePublished\":\"2016-07-28T08:52:04+00:00\",\"dateModified\":\"2023-09-19T10:36:59+00:00\",\"description\":\"Barcos Denia con Punta Estrella Yacht, servicios, compra, venta y alquiler de barcos con todos los extras \u00a1Entra ya!\",\"breadcrumb\":{\"@id\":\"https:\/\/puntaestrellayachts.com\/es\/quienes-somos\/#breadcrumb\"},\"inLanguage\":\"es\",\"potentialAction\":[{\"@type\":\"ReadAction\",\"target\":[\"https:\/\/puntaestrellayachts.com\/es\/quienes-somos\/\"]}]},{\"@type\":\"BreadcrumbList\",\"@id\":\"https:\/\/puntaestrellayachts.com\/es\/quienes-somos\/#breadcrumb\",\"itemListElement\":[{\"@type\":\"ListItem\",\"position\":1,\"name\":\"Home\",\"item\":\"https:\/\/puntaestrellayachts.com\/es\/\"},{\"@type\":\"ListItem\",\"position\":2,\"name\":\"QUIENES SOMOS\"}]}]}<\/script>\n<!-- \/ Yoast SEO plugin. -->","yoast_head_json":{"title":"Barcos Denia | PEY Services","description":"Barcos Denia con Punta Estrella Yacht, servicios, compra, venta y alquiler de barcos con todos los extras \u00a1Entra ya!","robots":{"index":"index","follow":"follow","max-snippet":"max-snippet:-1","max-image-preview":"max-image-preview:large","max-video-preview":"max-video-preview:-1"},"canonical":"https:\/\/puntaestrellayachts.com\/es\/quienes-somos\/","og_locale":"es_ES","og_type":"article","og_title":"Barcos Denia | PEY Services","og_description":"Barcos Denia con Punta Estrella Yacht, servicios, compra, venta y alquiler de barcos con todos los extras \u00a1Entra ya!","og_url":"https:\/\/puntaestrellayachts.com\/es\/quienes-somos\/","og_site_name":"Punta Estrella Yacht Services","article_modified_time":"2023-09-19T10:36:59+00:00","twitter_card":"summary_large_image","twitter_misc":{"Tiempo de lectura":"4 minutos"},"schema":{"@context":"https:\/\/schema.org","@graph":[{"@type":"Organization","@id":"https:\/\/puntaestrellayachts.com\/es\/#organization","name":"Punta Estrella Yacht Services","url":"https:\/\/puntaestrellayachts.com\/es\/","sameAs":[],"logo":{"@type":"ImageObject","inLanguage":"es","@id":"https:\/\/puntaestrellayachts.com\/es\/#\/schema\/logo\/image\/","url":"https:\/\/puntaestrellayachts.com\/wp-content\/uploads\/2020\/05\/logo-home.png","contentUrl":"https:\/\/puntaestrellayachts.com\/wp-content\/uploads\/2020\/05\/logo-home.png","width":168,"height":91,"caption":"Punta Estrella Yacht Services"},"image":{"@id":"https:\/\/puntaestrellayachts.com\/es\/#\/schema\/logo\/image\/"}},{"@type":"WebSite","@id":"https:\/\/puntaestrellayachts.com\/es\/#website","url":"https:\/\/puntaestrellayachts.com\/es\/","name":"Punta Estrella Yacht Services","description":"","publisher":{"@id":"https:\/\/puntaestrellayachts.com\/es\/#organization"},"potentialAction":[{"@type":"SearchAction","target":{"@type":"EntryPoint","urlTemplate":"https:\/\/puntaestrellayachts.com\/es\/?s={search_term_string}"},"query-input":"required name=search_term_string"}],"inLanguage":"es"},{"@type":"WebPage","@id":"https:\/\/puntaestrellayachts.com\/es\/quienes-somos\/#webpage","url":"https:\/\/puntaestrellayachts.com\/es\/quienes-somos\/","name":"Barcos Denia | PEY Services","isPartOf":{"@id":"https:\/\/puntaestrellayachts.com\/es\/#website"},"datePublished":"2016-07-28T08:52:04+00:00","dateModified":"2023-09-19T10:36:59+00:00","description":"Barcos Denia con Punta Estrella Yacht, servicios, compra, venta y alquiler de barcos con todos los extras \u00a1Entra ya!","breadcrumb":{"@id":"https:\/\/puntaestrellayachts.com\/es\/quienes-somos\/#breadcrumb"},"inLanguage":"es","potentialAction":[{"@type":"ReadAction","target":["https:\/\/puntaestrellayachts.com\/es\/quienes-somos\/"]}]},{"@type":"BreadcrumbList","@id":"https:\/\/puntaestrellayachts.com\/es\/quienes-somos\/#breadcrumb","itemListElement":[{"@type":"ListItem","position":1,"name":"Home","item":"https:\/\/puntaestrellayachts.com\/es\/"},{"@type":"ListItem","position":2,"name":"QUIENES SOMOS"}]}]}},"_links":{"self":[{"href":"https:\/\/puntaestrellayachts.com\/es\/wp-json\/wp\/v2\/pages\/35"}],"collection":[{"href":"https:\/\/puntaestrellayachts.com\/es\/wp-json\/wp\/v2\/pages"}],"about":[{"href":"https:\/\/puntaestrellayachts.com\/es\/wp-json\/wp\/v2\/types\/page"}],"author":[{"embeddable":true,"href":"https:\/\/puntaestrellayachts.com\/es\/wp-json\/wp\/v2\/users\/90"}],"replies":[{"embeddable":true,"href":"https:\/\/puntaestrellayachts.com\/es\/wp-json\/wp\/v2\/comments?post=35"}],"version-history":[{"count":46,"href":"https:\/\/puntaestrellayachts.com\/es\/wp-json\/wp\/v2\/pages\/35\/revisions"}],"predecessor-version":[{"id":3688,"href":"https:\/\/puntaestrellayachts.com\/es\/wp-json\/wp\/v2\/pages\/35\/revisions\/3688"}],"wp:attachment":[{"href":"https:\/\/puntaestrellayachts.com\/es\/wp-json\/wp\/v2\/media?parent=35"}],"curies":[{"name":"wp","href":"https:\/\/api.w.org\/{rel}","templated":true}]}}