{"id":2284,"date":"2020-09-21T13:57:52","date_gmt":"2020-09-21T11:57:52","guid":{"rendered":"https:\/\/puntaestrellayachts.com\/aviso-legal\/"},"modified":"2020-09-21T15:26:15","modified_gmt":"2020-09-21T13:26:15","slug":"aviso-legal","status":"publish","type":"page","link":"https:\/\/puntaestrellayachts.com\/es\/aviso-legal\/","title":{"rendered":"Aviso Legal"},"content":{"rendered":"\r\n<h2><strong>AVISO LEGAL E INFORMACI\u00d3N SOBRE LAS CONDICIONES DE USO DEL SITIO WEB<\/strong><\/h2>\r\n\r\n\r\n\r\n<h5><strong>1.-\u00a0<\/strong><strong>Datos identificativos del titular del sitio web<\/strong><\/h5>\r\n\r\n\r\n\r\n<p>En cumplimiento del deber de informaci\u00f3n estipulado en el art\u00edculo 10 de la\u00a0<em>Ley 34\/2002 de 11 de julio de Servicios de la Sociedad de la Informaci\u00f3n y de Comercio Electr\u00f3nico<\/em>\u00a0(LSSIyCE), PUNTA ESTRELLA CHARTERS, S.L. (PUNTA ESTRELLA), titular del sitio web\u00a0<a href=\"https:\/\/puntaestrellayachts.com\/\">puntaestrellayachts.com<\/a>, procede a informarle de los datos identificativos exigidos por la citada norma:<\/p>\r\n\r\n\r\n\r\n<ul>\r\n<li><strong>Denominaci\u00f3n social<\/strong>: PUNTA ESTRELLA CHARTERS, S.L.<\/li>\r\n<li><strong>Domicilio social<\/strong>: Estda. Cervantes 16, planta 10, 03700, Denia, Alicante.<\/li>\r\n<li><strong>CIF<\/strong>: B-54713870<\/li>\r\n<li><strong>Direcci\u00f3n de correo electr\u00f3nico<\/strong>:\u00a0<em><a href=\"mailto:info@puntaestrellayachts.com\">info@puntaestrellayachts.com<\/a><\/em><\/li>\r\n<\/ul>\r\n\r\n\r\n\r\n<h5><strong>2.- Definiciones<\/strong><\/h5>\r\n\r\n\r\n\r\n<p>\u201cSitio web\u201d: dominio www.puntaestrellayachts.com\u00a0que se pone a disposici\u00f3n de los usuarios de Internet.<\/p>\r\n\r\n\r\n\r\n<p>\u201cUsuario\u201d: persona f\u00edsica o jur\u00eddica que utiliza o navega por el sitio web.<\/p>\r\n\r\n\r\n\r\n<p>\u201cContenido\u201d o \u201ccontenidos\u201d: son las p\u00e1ginas que conforman la totalidad del dominio<a href=\"https:\/\/puntaestrellayachts.com\/\"> puntaestrellayachts.com<\/a> las cuales, a su vez, conforman la informaci\u00f3n y los servicios que PUNTA ESTRELLA pone a disposici\u00f3n del usuario. En ellas se contienen mensajes de texto, fotograf\u00edas, gr\u00e1ficos, iconos, logos, tecnolog\u00eda, links, texturas, dibujos, archivos de sonido y\/o imagen, grabaciones, aspecto, dise\u00f1o gr\u00e1fico y c\u00f3digos fuente y, en general, cualquier clase de material contenido en el sitio web.<\/p>\r\n\r\n\r\n\r\n<p>\u201cHiperv\u00ednculo\u201d (Link): enlace por la cual un usuario puede navegar por el contenido del sitio web, o por Internet, con un simple click sobre el texto, icono, bot\u00f3n o indicativo que contiene el enlace.<\/p>\r\n\r\n\r\n\r\n<h5><strong>3.- Condiciones generales de uso del sitio web<\/strong><\/h5>\r\n\r\n\r\n\r\n<p>PUNTA ESTRELLA ofrece el acceso al sitio web en los t\u00e9rminos y Condiciones de uso descritas a continuaci\u00f3n:<\/p>\r\n\r\n\r\n\r\n<p><strong>\u00a0a.- Acceso y usuarios:<\/strong><\/p>\r\n\r\n\r\n\r\n<p>El mero acceso al sitio web otorga a quien lo realiza la condici\u00f3n de usuario del mismo, ya se trate de una persona f\u00edsica o jur\u00eddica, e implica la aceptaci\u00f3n completa, plena y sin reservas por parte del usuario de todas y cada una de las cl\u00e1usulas y condiciones generales de uso incluidas en el Aviso Legal. De modo que si el usuario no estuviera conforme con las cl\u00e1usulas y condiciones de uso de este Aviso Legal, deber\u00e1 abstenerse de utilizar el sitio web.<\/p>\r\n\r\n\r\n\r\n<p>El acceso al sitio web tiene car\u00e1cter gratuito. Ello no obstante, ALISIOS se reserva la posibilidad de condicionar el acceso a algunos servicios o contenidos al previo registro del usuario mediante la cumplimentaci\u00f3n del correspondiente formulario de alta.<\/p>\r\n\r\n\r\n\r\n<p>https:\/\/puntaestrellayachts.com\/politica-de-cookies\/Cuando sea necesario dicho registro para poder acceder a determinados servicios o contenidos, la recogida y el tratamiento de los datos personales del usuario se har\u00e1 en los t\u00e9rminos establecidos en nuestra\u00a0<a href=\"https:\/\/puntaestrellayachts.com\/es\/politica-de-cookies\/\"><em>Pol\u00edtica de privacidad<\/em><\/a><\/p>\r\n\r\n\r\n\r\n<p><strong>\u00a0b.- Modificaciones:<\/strong><\/p>\r\n\r\n\r\n\r\n<p>Con el fin de mejorar las prestaciones del sitio web, PUNTA ESTRELLA se reserva el derecho a actualizar, modificar, ampliar o suspender temporalmente o eliminar en cualquier momento, de forma unilateral y sin previa notificaci\u00f3n al usuario, la informaci\u00f3n contenida en este sitio web, su presentaci\u00f3n, configuraci\u00f3n y especificaciones t\u00e9cnicas.<\/p>\r\n\r\n\r\n\r\n<p>Asimismo, se reserva el derecho a modificar en cualquier momento las presentes Condiciones de uso, as\u00ed como cualesquiera otros avisos y pol\u00edticas contenidas en el sitio web\u00a0<a href=\"https:\/\/puntaestrellayachts.com\/\">puntaestrellayachts.com<\/a><\/p>\r\n\r\n\r\n\r\n<p><strong>c.- Condiciones de uso:<\/strong><\/p>\r\n\r\n\r\n\r\n<p>El usuario del sitio web\u00a0<a href=\"https:\/\/puntaestrellayachts.com\/\">puntaestrellayachts.com<\/a> se compromete a realizar un buen uso de los contenidos y servicios que encuentre en el mismo, y asume que nunca podr\u00e1n ser utilizados para actividades il\u00edcitas o que puedan ser contrarias al orden p\u00fablico, las normas de convivencia, la moral y las buenas costumbres generalmente aceptadas.<\/p>\r\n\r\n\r\n\r\n<p>El Usuario est\u00e1 obligado y se compromete a utilizar el sitio web y sus contenidos de conformidad con la legislaci\u00f3n vigente, este Aviso Legal, y cualquier otro aviso o instrucciones puestos en su conocimiento por ALISIOS a trav\u00e9s de este sitio web o por cualquier otro medio.<\/p>\r\n\r\n\r\n\r\n<p>El usuario est\u00e1 expresamente autorizado para visualizar toda la informaci\u00f3n contenida en el sitio web, as\u00ed como para efectuar reproducciones privadas de la misma en sus sistemas inform\u00e1ticos, siempre y cuando dichos contenidos sean para uso exclusivamente dom\u00e9stico y no sean posteriormente cedidos a terceros.<\/p>\r\n\r\n\r\n\r\n<p>A tal efecto, el usuario se obliga y se compromete a no transmitir, difundir, comunicar o poner a disposici\u00f3n de terceros el contenido del sitio web, tales como textos, datos, mensajes, gr\u00e1ficos, dibujos, archivos de sonido y\/o imagen, fotograf\u00edas, grabaciones, software, logotipos, marcas, iconos, tecnolog\u00eda, enlaces, dise\u00f1o gr\u00e1fico, c\u00f3digos fuente o cualquier otro material al que tuviera acceso en su condici\u00f3n de usuario del sitio web, sin que esta enumeraci\u00f3n tenga car\u00e1cter limitativo.<\/p>\r\n\r\n\r\n\r\n<p><strong>d.- Propiedad intelectual e industrial:<\/strong><\/p>\r\n\r\n\r\n\r\n<p>Los derechos de propiedad intelectual e industrial sobre los contenidos del sitio web\u00a0<a href=\"https:\/\/puntaestrellayachts.com\/\">puntaestrellayachts.com<\/a>, su dise\u00f1o gr\u00e1fico y c\u00f3digos fuente, as\u00ed como los nombres comerciales, marcas y signos distintivos de cualquier clase son titularidad de PUNTA ESTRELLA o, en su caso, de terceros que han autorizado su uso, sin que pueda entenderse que el uso o acceso al sitio web y\/o a sus contenidos atribuya al usuario derecho alguno sobre los mismos.<\/p>\r\n\r\n\r\n\r\n<p>Cualquier reproducci\u00f3n, distribuci\u00f3n, comunicaci\u00f3n p\u00fablica, comercializaci\u00f3n o transformaci\u00f3n de los contenidos que no haya sido expresamente autorizada por sus titulares, constituye una infracci\u00f3n y lesi\u00f3n de los derechos de propiedad intelectual e industrial de ALISIOS o de terceros protegidos por la Ley y dar\u00e1 lugar a las responsabilidades legalmente establecidas.<\/p>\r\n\r\n\r\n\r\n<p>Por tanto, se proh\u00edbe expresamente al usuario utilizar el sitio web con fines il\u00edcitos, prohibidos, lesivos de derechos de terceros o que puedan, de cualquier forma, da\u00f1ar la marca, la imagen o reputaci\u00f3n de PUNTA ESTRELLA.<\/p>\r\n\r\n\r\n\r\n<p>PUNTA ESTRELLA podr\u00e1 ejercer todas las acciones administrativas, civiles o penales que le correspondan en caso de infracci\u00f3n de estos derechos por parte del usuario.<\/p>\r\n\r\n\r\n\r\n<p><strong>e.- Exclusi\u00f3n de garant\u00edas y responsabilidades:<\/strong><\/p>\r\n\r\n\r\n\r\n<p>El acceso y el uso del sitio web\u00a0<a href=\"https:\/\/puntaestrellayachts.com\/\">puntaestrellayachts.com<\/a> se realizan bajo la \u00fanica y exclusiva responsabilidad del usuario.<\/p>\r\n\r\n\r\n\r\n<p>PUNTA ESTRELLA no se hace responsable de la exactitud, veracidad y vigencia de las informaciones que no sean de elaboraci\u00f3n propia y cuyos contenidos pertenezcan a fuentes de informaci\u00f3n de terceros ajenos a ella. Al respecto, PUNTA ESTRELLA s\u00f3lo responder\u00e1 de los servicios y contenidos propios e identificados con su Copyright como una marca o propiedad intelectual o industrial de PUNTA ESTRELLA.<\/p>\r\n\r\n\r\n\r\n<p>PUNTA ESTRELLA no se responsabiliza de los da\u00f1os y perjuicios de cualquier naturaleza que obedezcan a alguna de las siguientes circunstancias:<\/p>\r\n\r\n\r\n\r\n<ul>\r\n<li>Falta de continuidad del funcionamiento o funcionamiento incorrecto del sitio web\u00a0<a href=\"https:\/\/puntaestrellayachts.com\/\">puntaestrellayachts.com<\/a><\/li>\r\n<li>Falta de utilidad, adecuaci\u00f3n o validez de los servicios y contenidos que se ofrecen en\u00a0<a href=\"https:\/\/puntaestrellayachts.com\/\">puntaestrellayachts.com<\/a>, respecto a las expectativas del usuario. Existencia de virus o programas en el ordenador del usuario o por la presencia de virus, programas maliciosos o lesivos en los contenidos o servicios prestados por terceros a trav\u00e9s del sitio web\u00a0<a href=\"https:\/\/puntaestrellayachts.com\/\">puntaestrellayachts.com<\/a>.<\/li>\r\n<li>Conocimiento que puedan tener terceros no autorizados de la clase, condiciones, caracter\u00edsticas y circunstancias de acceso y uso que el usuario hace del sitio web y de las informaciones y servicios.<\/li>\r\n<li>Bajo ninguna circunstancia, incluida la negligencia, de la p\u00e9rdida de negocio, p\u00e9rdida de uso, p\u00e9rdida de beneficios, p\u00e9rdida de datos, por da\u00f1os indirectos, secundarios, especiales o consecuentes que resulten del acceso o del uso de los servicios del sitio web.<\/li>\r\n<\/ul>\r\n\r\n\r\n\r\n<p><strong>f.- Empleo de \u201ccookies\u201d<\/strong><\/p>\r\n\r\n\r\n\r\n<p>Nuestro sitio web\u00a0<a href=\"https:\/\/puntaestrellayachts.com\/\">puntaestrellayachts.com<\/a> utiliza cookies propias y de terceros para facilitar la navegaci\u00f3n web y obtener una mayor eficacia y personalizaci\u00f3n de los servicios ofrecidos a los usuarios. Para obtener m\u00e1s informaci\u00f3n puede consultar nuestra\u00a0<a href=\"https:\/\/www.puntaestrellayachts.com\/politica-de-cookies\"><u>Pol\u00edtica de Cookies<\/u><\/a><\/p>\r\n\r\n\r\n\r\n<p><strong>g.- Legislaci\u00f3n aplicable<\/strong><\/p>\r\n\r\n\r\n\r\n<p>Estas Condiciones de uso se rigen por lo dispuesto en la ley espa\u00f1ola.<\/p>\r\n\r\n\r\n\r\n<p><strong>h.- Jurisdicci\u00f3n<\/strong><\/p>\r\n\r\n\r\n\r\n<p>En el caso de discrepancia o controversia con motivo de la interpretaci\u00f3n o la aplicaci\u00f3n de las presentes Condiciones de uso o del contenido del sitio web, PUNTA ESTRELLA y el usuario, con renuncia expresa a cualquier otro fuero que pudiera corresponderles, se someten a la jurisdicci\u00f3n de los Juzgados y Tribunales de la villa de Madrid.<\/p>\r\n\r\n\r\n\r\n<h5><strong>4.- Contacto<\/strong><\/h5>\r\n\r\n\r\n\r\n<p>En caso de duda sobre estas Condiciones de uso puede dirigirse a la direcci\u00f3n de email\u00a0<em><a href=\"mailto:info@puntaestrellayachts.com\">info@<\/a><a href=\"https:\/\/puntaestrellayachts.com\/\">puntaestrellayachts.com<\/a><\/em><\/p>\r\n\r\n\r\n\r\n<p>Este Aviso Legal\u00a0ha sido actualizado por \u00faltima vez el 21 de septiembre del 2020<\/p>\r\n","protected":false},"excerpt":{"rendered":"<p>AVISO LEGAL E INFORMACI\u00d3N SOBRE LAS CONDICIONES DE USO DEL SITIO WEB 1.-\u00a0Datos identificativos del titular del sitio web En cumplimiento del deber de informaci\u00f3n estipulado en el art\u00edculo 10 de la\u00a0Ley 34\/2002 de 11 de julio de Servicios de la Sociedad de la Informaci\u00f3n y de Comercio Electr\u00f3nico\u00a0(LSSIyCE), PUNTA ESTRELLA CHARTERS, S.L. (PUNTA ESTRELLA), [&hellip;]<\/p>\n","protected":false},"author":90,"featured_media":0,"parent":0,"menu_order":0,"comment_status":"closed","ping_status":"closed","template":"","meta":[],"yoast_head":"<!-- This site is optimized with the Yoast SEO plugin v18.9 - https:\/\/yoast.com\/wordpress\/plugins\/seo\/ -->\n<title>Aviso Legal - Punta Estrella Yacht Services<\/title>\n<meta name=\"robots\" content=\"index, follow, max-snippet:-1, max-image-preview:large, max-video-preview:-1\" \/>\n<link rel=\"canonical\" href=\"https:\/\/puntaestrellayachts.com\/es\/aviso-legal\/\" \/>\n<meta property=\"og:locale\" content=\"es_ES\" \/>\n<meta property=\"og:type\" content=\"article\" \/>\n<meta property=\"og:title\" content=\"Aviso Legal - Punta Estrella Yacht Services\" \/>\n<meta property=\"og:description\" content=\"AVISO LEGAL E INFORMACI\u00d3N SOBRE LAS CONDICIONES DE USO DEL SITIO WEB 1.-\u00a0Datos identificativos del titular del sitio web En cumplimiento del deber de informaci\u00f3n estipulado en el art\u00edculo 10 de la\u00a0Ley 34\/2002 de 11 de julio de Servicios de la Sociedad de la Informaci\u00f3n y de Comercio Electr\u00f3nico\u00a0(LSSIyCE), PUNTA ESTRELLA CHARTERS, S.L. (PUNTA ESTRELLA), [&hellip;]\" \/>\n<meta property=\"og:url\" content=\"https:\/\/puntaestrellayachts.com\/es\/aviso-legal\/\" \/>\n<meta property=\"og:site_name\" content=\"Punta Estrella Yacht Services\" \/>\n<meta property=\"article:modified_time\" content=\"2020-09-21T13:26:15+00:00\" \/>\n<meta name=\"twitter:card\" content=\"summary_large_image\" \/>\n<meta name=\"twitter:label1\" content=\"Tiempo de lectura\" \/>\n\t<meta name=\"twitter:data1\" content=\"7 minutos\" \/>\n<script type=\"application\/ld+json\" class=\"yoast-schema-graph\">{\"@context\":\"https:\/\/schema.org\",\"@graph\":[{\"@type\":\"Organization\",\"@id\":\"https:\/\/puntaestrellayachts.com\/es\/#organization\",\"name\":\"Punta Estrella Yacht Services\",\"url\":\"https:\/\/puntaestrellayachts.com\/es\/\",\"sameAs\":[],\"logo\":{\"@type\":\"ImageObject\",\"inLanguage\":\"es\",\"@id\":\"https:\/\/puntaestrellayachts.com\/es\/#\/schema\/logo\/image\/\",\"url\":\"https:\/\/puntaestrellayachts.com\/wp-content\/uploads\/2020\/05\/logo-home.png\",\"contentUrl\":\"https:\/\/puntaestrellayachts.com\/wp-content\/uploads\/2020\/05\/logo-home.png\",\"width\":168,\"height\":91,\"caption\":\"Punta Estrella Yacht Services\"},\"image\":{\"@id\":\"https:\/\/puntaestrellayachts.com\/es\/#\/schema\/logo\/image\/\"}},{\"@type\":\"WebSite\",\"@id\":\"https:\/\/puntaestrellayachts.com\/es\/#website\",\"url\":\"https:\/\/puntaestrellayachts.com\/es\/\",\"name\":\"Punta Estrella Yacht Services\",\"description\":\"\",\"publisher\":{\"@id\":\"https:\/\/puntaestrellayachts.com\/es\/#organization\"},\"potentialAction\":[{\"@type\":\"SearchAction\",\"target\":{\"@type\":\"EntryPoint\",\"urlTemplate\":\"https:\/\/puntaestrellayachts.com\/es\/?s={search_term_string}\"},\"query-input\":\"required name=search_term_string\"}],\"inLanguage\":\"es\"},{\"@type\":\"WebPage\",\"@id\":\"https:\/\/puntaestrellayachts.com\/es\/aviso-legal\/#webpage\",\"url\":\"https:\/\/puntaestrellayachts.com\/es\/aviso-legal\/\",\"name\":\"Aviso Legal - Punta Estrella Yacht Services\",\"isPartOf\":{\"@id\":\"https:\/\/puntaestrellayachts.com\/es\/#website\"},\"datePublished\":\"2020-09-21T11:57:52+00:00\",\"dateModified\":\"2020-09-21T13:26:15+00:00\",\"breadcrumb\":{\"@id\":\"https:\/\/puntaestrellayachts.com\/es\/aviso-legal\/#breadcrumb\"},\"inLanguage\":\"es\",\"potentialAction\":[{\"@type\":\"ReadAction\",\"target\":[\"https:\/\/puntaestrellayachts.com\/es\/aviso-legal\/\"]}]},{\"@type\":\"BreadcrumbList\",\"@id\":\"https:\/\/puntaestrellayachts.com\/es\/aviso-legal\/#breadcrumb\",\"itemListElement\":[{\"@type\":\"ListItem\",\"position\":1,\"name\":\"Home\",\"item\":\"https:\/\/puntaestrellayachts.com\/es\/\"},{\"@type\":\"ListItem\",\"position\":2,\"name\":\"Aviso Legal\"}]}]}<\/script>\n<!-- \/ Yoast SEO plugin. -->","yoast_head_json":{"title":"Aviso Legal - Punta Estrella Yacht Services","robots":{"index":"index","follow":"follow","max-snippet":"max-snippet:-1","max-image-preview":"max-image-preview:large","max-video-preview":"max-video-preview:-1"},"canonical":"https:\/\/puntaestrellayachts.com\/es\/aviso-legal\/","og_locale":"es_ES","og_type":"article","og_title":"Aviso Legal - Punta Estrella Yacht Services","og_description":"AVISO LEGAL E INFORMACI\u00d3N SOBRE LAS CONDICIONES DE USO DEL SITIO WEB 1.-\u00a0Datos identificativos del titular del sitio web En cumplimiento del deber de informaci\u00f3n estipulado en el art\u00edculo 10 de la\u00a0Ley 34\/2002 de 11 de julio de Servicios de la Sociedad de la Informaci\u00f3n y de Comercio Electr\u00f3nico\u00a0(LSSIyCE), PUNTA ESTRELLA CHARTERS, S.L. (PUNTA ESTRELLA), [&hellip;]","og_url":"https:\/\/puntaestrellayachts.com\/es\/aviso-legal\/","og_site_name":"Punta Estrella Yacht Services","article_modified_time":"2020-09-21T13:26:15+00:00","twitter_card":"summary_large_image","twitter_misc":{"Tiempo de lectura":"7 minutos"},"schema":{"@context":"https:\/\/schema.org","@graph":[{"@type":"Organization","@id":"https:\/\/puntaestrellayachts.com\/es\/#organization","name":"Punta Estrella Yacht Services","url":"https:\/\/puntaestrellayachts.com\/es\/","sameAs":[],"logo":{"@type":"ImageObject","inLanguage":"es","@id":"https:\/\/puntaestrellayachts.com\/es\/#\/schema\/logo\/image\/","url":"https:\/\/puntaestrellayachts.com\/wp-content\/uploads\/2020\/05\/logo-home.png","contentUrl":"https:\/\/puntaestrellayachts.com\/wp-content\/uploads\/2020\/05\/logo-home.png","width":168,"height":91,"caption":"Punta Estrella Yacht Services"},"image":{"@id":"https:\/\/puntaestrellayachts.com\/es\/#\/schema\/logo\/image\/"}},{"@type":"WebSite","@id":"https:\/\/puntaestrellayachts.com\/es\/#website","url":"https:\/\/puntaestrellayachts.com\/es\/","name":"Punta Estrella Yacht Services","description":"","publisher":{"@id":"https:\/\/puntaestrellayachts.com\/es\/#organization"},"potentialAction":[{"@type":"SearchAction","target":{"@type":"EntryPoint","urlTemplate":"https:\/\/puntaestrellayachts.com\/es\/?s={search_term_string}"},"query-input":"required name=search_term_string"}],"inLanguage":"es"},{"@type":"WebPage","@id":"https:\/\/puntaestrellayachts.com\/es\/aviso-legal\/#webpage","url":"https:\/\/puntaestrellayachts.com\/es\/aviso-legal\/","name":"Aviso Legal - Punta Estrella Yacht Services","isPartOf":{"@id":"https:\/\/puntaestrellayachts.com\/es\/#website"},"datePublished":"2020-09-21T11:57:52+00:00","dateModified":"2020-09-21T13:26:15+00:00","breadcrumb":{"@id":"https:\/\/puntaestrellayachts.com\/es\/aviso-legal\/#breadcrumb"},"inLanguage":"es","potentialAction":[{"@type":"ReadAction","target":["https:\/\/puntaestrellayachts.com\/es\/aviso-legal\/"]}]},{"@type":"BreadcrumbList","@id":"https:\/\/puntaestrellayachts.com\/es\/aviso-legal\/#breadcrumb","itemListElement":[{"@type":"ListItem","position":1,"name":"Home","item":"https:\/\/puntaestrellayachts.com\/es\/"},{"@type":"ListItem","position":2,"name":"Aviso Legal"}]}]}},"_links":{"self":[{"href":"https:\/\/puntaestrellayachts.com\/es\/wp-json\/wp\/v2\/pages\/2284"}],"collection":[{"href":"https:\/\/puntaestrellayachts.com\/es\/wp-json\/wp\/v2\/pages"}],"about":[{"href":"https:\/\/puntaestrellayachts.com\/es\/wp-json\/wp\/v2\/types\/page"}],"author":[{"embeddable":true,"href":"https:\/\/puntaestrellayachts.com\/es\/wp-json\/wp\/v2\/users\/90"}],"replies":[{"embeddable":true,"href":"https:\/\/puntaestrellayachts.com\/es\/wp-json\/wp\/v2\/comments?post=2284"}],"version-history":[{"count":1,"href":"https:\/\/puntaestrellayachts.com\/es\/wp-json\/wp\/v2\/pages\/2284\/revisions"}],"predecessor-version":[{"id":2287,"href":"https:\/\/puntaestrellayachts.com\/es\/wp-json\/wp\/v2\/pages\/2284\/revisions\/2287"}],"wp:attachment":[{"href":"https:\/\/puntaestrellayachts.com\/es\/wp-json\/wp\/v2\/media?parent=2284"}],"curies":[{"name":"wp","href":"https:\/\/api.w.org\/{rel}","templated":true}]}}