{"id":2267,"date":"2020-09-21T13:07:05","date_gmt":"2020-09-21T11:07:05","guid":{"rendered":"https:\/\/puntaestrellayachts.com\/politica-de-cookies\/"},"modified":"2020-09-21T13:07:57","modified_gmt":"2020-09-21T11:07:57","slug":"politica-de-cookies","status":"publish","type":"page","link":"https:\/\/puntaestrellayachts.com\/es\/politica-de-cookies\/","title":{"rendered":"Pol\u00edtica de Cookies"},"content":{"rendered":"<p>[vc_row][vc_column][vc_column_text]<\/p>\n<h2><strong>POL\u00cdTICA DE COOKIES<\/strong><\/h2>\n<p>En cumplimiento de la Directiva 2009\/136\/CE, desarrollada en nuestro ordenamiento por el art\u00edculo 22.2 de la Ley de Servicios de Sociedad de la Informaci\u00f3n y Comercio Electr\u00f3nico (LSSIyCE), siguiendo las directrices de la Agencia Espa\u00f1ola de Protecci\u00f3n de Datos, procedemos a informarle detalladamente del uso que se realiza en nuestro sitio web.<\/p>\n<p>\u201c<u>Sitio web<\/u>\u201d: dominio<a href=\"https:\/\/puntaestrellayachts.com\/\"> puntaestrellayachts.com <\/a>que se pone a disposici\u00f3n de los usuarios de Internet.<\/p>\n<p>\u201c<a href=\"https:\/\/puntaestrellayachts.com\/\">puntaestrellayachts.com <\/a><u>\/Usuario<\/u>\u201d: persona f\u00edsica o jur\u00eddica que utiliza o navega por el sitio web.<\/p>\n<h5><strong>\u00a0<\/strong><strong>\u00bfQu\u00e9 es una cookie?<\/strong><\/h5>\n<p>Cookie es un fichero que se descarga en su ordenador al acceder a determinadas p\u00e1ginas web. Las cookies permiten a una p\u00e1gina web, entre otras cosas, almacenar y recuperar informaci\u00f3n sobre los h\u00e1bitos de navegaci\u00f3n de un usuario o de su equipo y, dependiendo de la informaci\u00f3n que contengan y de la forma en que utilice su equipo, pueden emplearse para reconocer al usuario. El navegador del usuario memoriza cookies en el disco duro solamente durante la sesi\u00f3n actual ocupando un espacio de memoria m\u00ednimo y no perjudicando al ordenador. Las cookies no contienen ninguna clase de informaci\u00f3n personal espec\u00edfica, y la mayor\u00eda de las mismas se borran del disco duro al finalizar la sesi\u00f3n de navegador (las denominadas cookies de sesi\u00f3n).<\/p>\n<p>La mayor\u00eda de los navegadores aceptan como est\u00e1ndar a las cookies y, con independencia de las mismas, permiten o impiden en los ajustes de seguridad las cookies temporales o memorizadas.<\/p>\n<h5><strong>\u00bfQu\u00e9 tipos de cookies utiliza este sitio web?<\/strong><\/h5>\n<p>Este sitio web no utiliza cookies para recoger informaci\u00f3n de los usuarios, ni registra las direcciones IP de acceso. \u00danicamente se utilizan\u00a0<u>cookies propias, de sesi\u00f3n<\/u>, con finalidad t\u00e9cnica (aquellas que permiten al usuario la navegaci\u00f3n a trav\u00e9s del sitio web y la utilizaci\u00f3n de las diferentes opciones y servicios que en ella existen).<\/p>\n<p>Este sitio web utiliza\u00a0<u>cookies anal\u00edticas de terceros<\/u>\u00a0que recopilan informaci\u00f3n, con fines estad\u00edsticos, de uso del sitio por parte del usuario. Nos permiten evaluar el uso que usted hace del sitio web y la actividad general del mismo con el prop\u00f3sito de entender, optimizar y mejorar el uso de sitio web.<\/p>\n<p>En nuestro caso, para este fin utilizamos la herramienta\u00a0<strong>Google Analytics<\/strong>, un servicio anal\u00edtico de web prestado por Google, Inc. una compa\u00f1\u00eda de Delaware, Estados Unidos, con sede central en 1600 Amphitheatre Parkway, Mountain View, California 94043.\u00a0 Para la prestaci\u00f3n de estos servicios, Google utiliza cookies que recopilan la informaci\u00f3n, incluida la direcci\u00f3n IP del usuario, que ser\u00e1 transmitida, tratada y almacenada por Google en los t\u00e9rminos fijados en la Web\u00a0<a href=\"https:\/\/www.google.com\/intl\/es_ALL\/analytics\/index.html\">https:\/\/www.google.com\/intl\/es_ALL\/analytics\/index.html<\/a>\u00a0incluyendo la posible transmisi\u00f3n de dicha informaci\u00f3n a terceros por razones de exigencia legal o cuando dichos terceros procesen la informaci\u00f3n por cuenta de Google.<\/p>\n<p>Para m\u00e1s informaci\u00f3n puede consultar los siguientes enlaces:<\/p>\n<p><a href=\"https:\/\/policies.google.com\/?hl=es\">https:\/\/policies.google.com\/?hl=es<\/a>\u00a0 \u00a0<a href=\"https:\/\/policies.google.com\/technologies\/cookies?hl=es\">https:\/\/policies.google.com\/technologies\/cookies?hl=es<\/a><\/p>\n<p>Usted puede rechazar o deshabilitar el uso de las cookies a trav\u00e9s de las opciones de su navegador, tal y como se indica m\u00e1s adelante.<\/p>\n<p><strong>El usuario acepta expresamente, por la utilizaci\u00f3n de este sitio web, el tratamiento de la informaci\u00f3n recabada en la forma y con los fines anteriormente mencionados<\/strong>. Y asimismo reconoce conocer la posibilidad de rechazar el tratamiento de tales datos o informaci\u00f3n rechazando el uso de cookies mediante la selecci\u00f3n de la configuraci\u00f3n apropiada a tal fin en su navegador. Si bien esta opci\u00f3n de bloqueo de cookies en su navegador puede no permitirle el uso pleno de todas las funcionalidades de este sitio web.<\/p>\n<p>Puede usted permitir, bloquear o eliminar las cookies instaladas en su equipo mediante la configuraci\u00f3n de las opciones del navegador instalado en su ordenador.<\/p>\n<p>Todos los navegadores ofrecen al usuario la posibilidad de buscar y visualizar las cookies que instala un determinado sitio web, obtener informaci\u00f3n relativa a la duraci\u00f3n de las mismas y la posibilidad de eliminarlas, tal y como se indica en el siguiente p\u00e1rrafo. A continuaci\u00f3n, se muestran una serie de enlaces informativos sobre esta cuesti\u00f3n de los navegadores m\u00e1s utilizados:<\/p>\n<p><img class=\"alignnone size-full wp-image-8853\" src=\"https:\/\/civir.es\/wp-content\/uploads\/Im%C3%A1gen-Firefox.jpg\" alt=\"\" width=\"100\" height=\"100\" \/><img class=\"alignnone size-full wp-image-8854\" src=\"https:\/\/civir.es\/wp-content\/uploads\/Im%C3%A1gen-Safari.jpg\" alt=\"\" width=\"100\" height=\"100\" \/><img class=\"alignnone size-full wp-image-8851\" src=\"https:\/\/civir.es\/wp-content\/uploads\/Im%C3%A1gen-Chrome.jpg\" alt=\"\" width=\"100\" height=\"100\" \/>\u00a0 \u00a0<img class=\"alignnone size-full wp-image-8852\" src=\"https:\/\/civir.es\/wp-content\/uploads\/Im%C3%A1gen-Explorer.jpg\" alt=\"\" width=\"100\" height=\"100\" \/><\/p>\n<p>Para restringir o bloquear las cookies, usted debe modificar la configuraci\u00f3n del navegador que utilice en su terminal (ordenador, Smartphone, Tablet\u2026). En general los navegadores ofrecen las siguientes opciones de configuraci\u00f3n en relaci\u00f3n a la instalaci\u00f3n o no de cookies:<\/p>\n<ul>\n<li>Que el navegador rechace todas las cookies. En tal caso no se instalar\u00eda ninguna cookie de ninguna p\u00e1gina web en su terminal.<\/li>\n<li>Que el navegador le avise antes de que se produzca la instalaci\u00f3n de la cookie para que usted pueda decidir si acepta o no la instalaci\u00f3n de la misma.<\/li>\n<li>Que el navegador \u00fanicamente rechace las cookies de terceros de los sitios web que visita, pero no las propias utilizadas por el sitio web por el que usted navega.<\/li>\n<li>La opci\u00f3n de navegaci\u00f3n en modo privado, mediante la cual las cookies se instalan en el terminal pero se eliminan de manera autom\u00e1tica una vez finalizada la navegaci\u00f3n por la p\u00e1gina web:<\/li>\n<\/ul>\n<p><img class=\"alignnone size-full wp-image-8853\" src=\"https:\/\/civir.es\/wp-content\/uploads\/Im%C3%A1gen-Firefox.jpg\" alt=\"\" width=\"100\" height=\"100\" \/><img class=\"alignnone size-full wp-image-8854\" src=\"https:\/\/civir.es\/wp-content\/uploads\/Im%C3%A1gen-Safari.jpg\" alt=\"\" width=\"100\" height=\"100\" \/><img class=\"alignnone size-full wp-image-8851\" src=\"https:\/\/civir.es\/wp-content\/uploads\/Im%C3%A1gen-Chrome.jpg\" alt=\"\" width=\"100\" height=\"100\" \/>\u00a0 \u00a0<img class=\"alignnone size-full wp-image-8852\" src=\"https:\/\/civir.es\/wp-content\/uploads\/Im%C3%A1gen-Explorer.jpg\" alt=\"\" width=\"100\" height=\"100\" \/><\/p>\n<p>Si tiene dudas sobre esta pol\u00edtica de cookies, puede contactar con PUNTA ESTRELLA en info@puntaestrellayachts.com<\/p>\n<p>PUNTA ESTRELLA podr\u00e1 modifica su Pol\u00edtica de cookies para adaptarla a las novedades legislativas o a las instrucciones de la Agencia Espa\u00f1ola de Protecci\u00f3n de Datos, por ello aconsejamos que la visiten peri\u00f3dicamente.[\/vc_column_text][\/vc_column][\/vc_row]<\/p>\n","protected":false},"excerpt":{"rendered":"<p>[vc_row][vc_column][vc_column_text] POL\u00cdTICA DE COOKIES En cumplimiento de la Directiva 2009\/136\/CE, desarrollada en nuestro ordenamiento por el art\u00edculo 22.2 de la Ley de Servicios de Sociedad de la Informaci\u00f3n y Comercio Electr\u00f3nico (LSSIyCE), siguiendo las directrices de la Agencia Espa\u00f1ola de Protecci\u00f3n de Datos, procedemos a informarle detalladamente del uso que se realiza en nuestro sitio [&hellip;]<\/p>\n","protected":false},"author":90,"featured_media":0,"parent":0,"menu_order":0,"comment_status":"closed","ping_status":"closed","template":"","meta":[],"yoast_head":"<!-- This site is optimized with the Yoast SEO plugin v18.9 - https:\/\/yoast.com\/wordpress\/plugins\/seo\/ -->\n<title>Pol\u00edtica de Cookies - Punta Estrella Yacht Services<\/title>\n<meta name=\"robots\" content=\"index, follow, max-snippet:-1, max-image-preview:large, max-video-preview:-1\" \/>\n<link rel=\"canonical\" href=\"https:\/\/puntaestrellayachts.com\/es\/politica-de-cookies\/\" \/>\n<meta property=\"og:locale\" content=\"es_ES\" \/>\n<meta property=\"og:type\" content=\"article\" \/>\n<meta property=\"og:title\" content=\"Pol\u00edtica de Cookies - Punta Estrella Yacht Services\" \/>\n<meta property=\"og:description\" content=\"[vc_row][vc_column][vc_column_text] POL\u00cdTICA DE COOKIES En cumplimiento de la Directiva 2009\/136\/CE, desarrollada en nuestro ordenamiento por el art\u00edculo 22.2 de la Ley de Servicios de Sociedad de la Informaci\u00f3n y Comercio Electr\u00f3nico (LSSIyCE), siguiendo las directrices de la Agencia Espa\u00f1ola de Protecci\u00f3n de Datos, procedemos a informarle detalladamente del uso que se realiza en nuestro sitio [&hellip;]\" \/>\n<meta property=\"og:url\" content=\"https:\/\/puntaestrellayachts.com\/es\/politica-de-cookies\/\" \/>\n<meta property=\"og:site_name\" content=\"Punta Estrella Yacht Services\" \/>\n<meta property=\"article:modified_time\" content=\"2020-09-21T11:07:57+00:00\" \/>\n<meta property=\"og:image\" content=\"https:\/\/civir.es\/wp-content\/uploads\/Im%C3%A1gen-Firefox.jpg\" \/>\n<meta name=\"twitter:card\" content=\"summary_large_image\" \/>\n<meta name=\"twitter:label1\" content=\"Tiempo de lectura\" \/>\n\t<meta name=\"twitter:data1\" content=\"5 minutos\" \/>\n<script type=\"application\/ld+json\" class=\"yoast-schema-graph\">{\"@context\":\"https:\/\/schema.org\",\"@graph\":[{\"@type\":\"Organization\",\"@id\":\"https:\/\/puntaestrellayachts.com\/es\/#organization\",\"name\":\"Punta Estrella Yacht Services\",\"url\":\"https:\/\/puntaestrellayachts.com\/es\/\",\"sameAs\":[],\"logo\":{\"@type\":\"ImageObject\",\"inLanguage\":\"es\",\"@id\":\"https:\/\/puntaestrellayachts.com\/es\/#\/schema\/logo\/image\/\",\"url\":\"https:\/\/puntaestrellayachts.com\/wp-content\/uploads\/2020\/05\/logo-home.png\",\"contentUrl\":\"https:\/\/puntaestrellayachts.com\/wp-content\/uploads\/2020\/05\/logo-home.png\",\"width\":168,\"height\":91,\"caption\":\"Punta Estrella Yacht Services\"},\"image\":{\"@id\":\"https:\/\/puntaestrellayachts.com\/es\/#\/schema\/logo\/image\/\"}},{\"@type\":\"WebSite\",\"@id\":\"https:\/\/puntaestrellayachts.com\/es\/#website\",\"url\":\"https:\/\/puntaestrellayachts.com\/es\/\",\"name\":\"Punta Estrella Yacht Services\",\"description\":\"\",\"publisher\":{\"@id\":\"https:\/\/puntaestrellayachts.com\/es\/#organization\"},\"potentialAction\":[{\"@type\":\"SearchAction\",\"target\":{\"@type\":\"EntryPoint\",\"urlTemplate\":\"https:\/\/puntaestrellayachts.com\/es\/?s={search_term_string}\"},\"query-input\":\"required name=search_term_string\"}],\"inLanguage\":\"es\"},{\"@type\":\"ImageObject\",\"inLanguage\":\"es\",\"@id\":\"https:\/\/puntaestrellayachts.com\/es\/politica-de-cookies\/#primaryimage\",\"url\":\"https:\/\/civir.es\/wp-content\/uploads\/Im%C3%A1gen-Firefox.jpg\",\"contentUrl\":\"https:\/\/civir.es\/wp-content\/uploads\/Im%C3%A1gen-Firefox.jpg\"},{\"@type\":\"WebPage\",\"@id\":\"https:\/\/puntaestrellayachts.com\/es\/politica-de-cookies\/#webpage\",\"url\":\"https:\/\/puntaestrellayachts.com\/es\/politica-de-cookies\/\",\"name\":\"Pol\u00edtica de Cookies - Punta Estrella Yacht Services\",\"isPartOf\":{\"@id\":\"https:\/\/puntaestrellayachts.com\/es\/#website\"},\"primaryImageOfPage\":{\"@id\":\"https:\/\/puntaestrellayachts.com\/es\/politica-de-cookies\/#primaryimage\"},\"datePublished\":\"2020-09-21T11:07:05+00:00\",\"dateModified\":\"2020-09-21T11:07:57+00:00\",\"breadcrumb\":{\"@id\":\"https:\/\/puntaestrellayachts.com\/es\/politica-de-cookies\/#breadcrumb\"},\"inLanguage\":\"es\",\"potentialAction\":[{\"@type\":\"ReadAction\",\"target\":[\"https:\/\/puntaestrellayachts.com\/es\/politica-de-cookies\/\"]}]},{\"@type\":\"BreadcrumbList\",\"@id\":\"https:\/\/puntaestrellayachts.com\/es\/politica-de-cookies\/#breadcrumb\",\"itemListElement\":[{\"@type\":\"ListItem\",\"position\":1,\"name\":\"Home\",\"item\":\"https:\/\/puntaestrellayachts.com\/es\/\"},{\"@type\":\"ListItem\",\"position\":2,\"name\":\"Pol\u00edtica de Cookies\"}]}]}<\/script>\n<!-- \/ Yoast SEO plugin. -->","yoast_head_json":{"title":"Pol\u00edtica de Cookies - Punta Estrella Yacht Services","robots":{"index":"index","follow":"follow","max-snippet":"max-snippet:-1","max-image-preview":"max-image-preview:large","max-video-preview":"max-video-preview:-1"},"canonical":"https:\/\/puntaestrellayachts.com\/es\/politica-de-cookies\/","og_locale":"es_ES","og_type":"article","og_title":"Pol\u00edtica de Cookies - Punta Estrella Yacht Services","og_description":"[vc_row][vc_column][vc_column_text] POL\u00cdTICA DE COOKIES En cumplimiento de la Directiva 2009\/136\/CE, desarrollada en nuestro ordenamiento por el art\u00edculo 22.2 de la Ley de Servicios de Sociedad de la Informaci\u00f3n y Comercio Electr\u00f3nico (LSSIyCE), siguiendo las directrices de la Agencia Espa\u00f1ola de Protecci\u00f3n de Datos, procedemos a informarle detalladamente del uso que se realiza en nuestro sitio [&hellip;]","og_url":"https:\/\/puntaestrellayachts.com\/es\/politica-de-cookies\/","og_site_name":"Punta Estrella Yacht Services","article_modified_time":"2020-09-21T11:07:57+00:00","og_image":[{"url":"https:\/\/civir.es\/wp-content\/uploads\/Im%C3%A1gen-Firefox.jpg"}],"twitter_card":"summary_large_image","twitter_misc":{"Tiempo de lectura":"5 minutos"},"schema":{"@context":"https:\/\/schema.org","@graph":[{"@type":"Organization","@id":"https:\/\/puntaestrellayachts.com\/es\/#organization","name":"Punta Estrella Yacht Services","url":"https:\/\/puntaestrellayachts.com\/es\/","sameAs":[],"logo":{"@type":"ImageObject","inLanguage":"es","@id":"https:\/\/puntaestrellayachts.com\/es\/#\/schema\/logo\/image\/","url":"https:\/\/puntaestrellayachts.com\/wp-content\/uploads\/2020\/05\/logo-home.png","contentUrl":"https:\/\/puntaestrellayachts.com\/wp-content\/uploads\/2020\/05\/logo-home.png","width":168,"height":91,"caption":"Punta Estrella Yacht Services"},"image":{"@id":"https:\/\/puntaestrellayachts.com\/es\/#\/schema\/logo\/image\/"}},{"@type":"WebSite","@id":"https:\/\/puntaestrellayachts.com\/es\/#website","url":"https:\/\/puntaestrellayachts.com\/es\/","name":"Punta Estrella Yacht Services","description":"","publisher":{"@id":"https:\/\/puntaestrellayachts.com\/es\/#organization"},"potentialAction":[{"@type":"SearchAction","target":{"@type":"EntryPoint","urlTemplate":"https:\/\/puntaestrellayachts.com\/es\/?s={search_term_string}"},"query-input":"required name=search_term_string"}],"inLanguage":"es"},{"@type":"ImageObject","inLanguage":"es","@id":"https:\/\/puntaestrellayachts.com\/es\/politica-de-cookies\/#primaryimage","url":"https:\/\/civir.es\/wp-content\/uploads\/Im%C3%A1gen-Firefox.jpg","contentUrl":"https:\/\/civir.es\/wp-content\/uploads\/Im%C3%A1gen-Firefox.jpg"},{"@type":"WebPage","@id":"https:\/\/puntaestrellayachts.com\/es\/politica-de-cookies\/#webpage","url":"https:\/\/puntaestrellayachts.com\/es\/politica-de-cookies\/","name":"Pol\u00edtica de Cookies - Punta Estrella Yacht Services","isPartOf":{"@id":"https:\/\/puntaestrellayachts.com\/es\/#website"},"primaryImageOfPage":{"@id":"https:\/\/puntaestrellayachts.com\/es\/politica-de-cookies\/#primaryimage"},"datePublished":"2020-09-21T11:07:05+00:00","dateModified":"2020-09-21T11:07:57+00:00","breadcrumb":{"@id":"https:\/\/puntaestrellayachts.com\/es\/politica-de-cookies\/#breadcrumb"},"inLanguage":"es","potentialAction":[{"@type":"ReadAction","target":["https:\/\/puntaestrellayachts.com\/es\/politica-de-cookies\/"]}]},{"@type":"BreadcrumbList","@id":"https:\/\/puntaestrellayachts.com\/es\/politica-de-cookies\/#breadcrumb","itemListElement":[{"@type":"ListItem","position":1,"name":"Home","item":"https:\/\/puntaestrellayachts.com\/es\/"},{"@type":"ListItem","position":2,"name":"Pol\u00edtica de Cookies"}]}]}},"_links":{"self":[{"href":"https:\/\/puntaestrellayachts.com\/es\/wp-json\/wp\/v2\/pages\/2267"}],"collection":[{"href":"https:\/\/puntaestrellayachts.com\/es\/wp-json\/wp\/v2\/pages"}],"about":[{"href":"https:\/\/puntaestrellayachts.com\/es\/wp-json\/wp\/v2\/types\/page"}],"author":[{"embeddable":true,"href":"https:\/\/puntaestrellayachts.com\/es\/wp-json\/wp\/v2\/users\/90"}],"replies":[{"embeddable":true,"href":"https:\/\/puntaestrellayachts.com\/es\/wp-json\/wp\/v2\/comments?post=2267"}],"version-history":[{"count":1,"href":"https:\/\/puntaestrellayachts.com\/es\/wp-json\/wp\/v2\/pages\/2267\/revisions"}],"predecessor-version":[{"id":2269,"href":"https:\/\/puntaestrellayachts.com\/es\/wp-json\/wp\/v2\/pages\/2267\/revisions\/2269"}],"wp:attachment":[{"href":"https:\/\/puntaestrellayachts.com\/es\/wp-json\/wp\/v2\/media?parent=2267"}],"curies":[{"name":"wp","href":"https:\/\/api.w.org\/{rel}","templated":true}]}}