{"id":4439,"date":"2021-05-05T15:42:39","date_gmt":"2021-05-05T13:42:39","guid":{"rendered":"https:\/\/puntaestrellayachts.com\/motorboote\/"},"modified":"2024-07-30T21:21:51","modified_gmt":"2024-07-30T19:21:51","slug":"motorboote","status":"publish","type":"page","link":"https:\/\/puntaestrellayachts.com\/de\/motorboote\/","title":{"rendered":"MOTORBOOTE"},"content":{"rendered":"<p>[vc_row][vc_column]<div class=\"sc_section\"><div class=\"sc_section_inner\"><div class=\"sc_section_content_wrap\">[vc_single_image image=&#8220;1771&#8243; alignment=&#8220;center&#8220;][vc_column_text]<\/p>\n<h2 style=\"text-align: center;\"><span style=\"color: #050f36;\">Wenn Sie auf der Suche nach einem komfortablen Bootsurlaub mit Ihrer Familie und Ihren Freunden sind,<span style=\"color: #122369;\">\u00a0<\/span><strong><span style=\"color: #122369;\">ist das Mieten eines Motorbootes die beste Option.<\/span><\/strong><\/span><\/h2>\n<p style=\"text-align: center;\">Entdecken Sie unsere Motorboote, von denen einige mit oder ohne Skipper gemietet werden k\u00f6nnen. Ein Bootsverleih in Denia ist eine gute M\u00f6glichkeit, die sch\u00f6ne K\u00fcste zu entdecken. Wir sind auch in Javea, Moraira, Altea sowie auf den Balearen (Ibiza, Formentera, Mallorca und Menorca) t\u00e4tig.<\/p>\n<p>[\/vc_column_text][vc_empty_space][vc_column_text]<\/p>\n<p style=\"text-align: center;\">Die angegebenen Preise sind Ausgangspreise. Bitte kontaktieren Sie uns f\u00fcr ein individuelles Angebot.<\/p>\n<p>[\/vc_column_text][vc_empty_space]<div id=\"sc_boats_898993503_wrap\" class=\"sc_boats_wrap\"><div id=\"sc_boats_898993503\" class=\"sc_boats sc_boats_style_boats-2 \" style=\"width:100%;\"><div class=\"sc_columns columns_wrap\"><div class=\"column-1_2 column_padding_bottom\">\t\t\t\t\n\t\t\t\t<div id=\"sc_boats_898993503_1\" class=\"sc_boats_item sc_boats_item_1 odd first\">\n\t\t\t\t\t\n\t\t\t\t\t<div class=\"sc_boats_item_top\">\n\t\t\t\t\t\t<a href=\"https:\/\/puntaestrellayachts.com\/de\/boats\/bmax222\/\"><span class=\"boats_price_box\"><span class=\"boats_price_box_item\"><span class=\"boats_price_sign\">\u20ac<\/span><span class=\"boats_price\">430<\/span><span class=\"boats_price_per\">per day<\/span><\/span><\/span><img class=\"wp-post-image\" width=\"770\" height=\"434\" alt=\"BMA X222\" src=\"https:\/\/puntaestrellayachts.com\/wp-content\/uploads\/2016\/07\/x222-main-3-770x434.jpg\"><\/a>\t\t\t\t\t<\/div>\n\t\t\t\t\t<div class=\"sc_boats_item_middle\">\n\t\t\t\t\t\t<div class=\"sc_boats_item_middle_title\">\n\t\t\t\t\t\t\t<a href=\"https:\/\/puntaestrellayachts.com\/de\/boats\/bmax222\/\">BMA X222<\/a>\t\t\t\t\t\t<\/div>\n\t\t\t\t\t\t<div class=\"sc_boats_item_middle_location\">\n\t\t\t\t\t\t\t<span class=\"icon-placeholder\"><\/span> Denia\t\t\t\t\t\t<\/div>\n\t\t\t\t\t<\/div>\n\t\t\t\t\t<div class=\"sc_boats_item_bottom\">\n\t\t\t\t\t\t\n\t\t\t\t\t\t\t\t\t\t\t\t<div class=\"sc_boats_item_bottom_length\">\n\t\t\t\t\t\t\t<span class=\"icon-meter\"><\/span> <strong>6.98 M<\/strong>\n\t\t\t\t\t\t<\/div>\n\t\t\t\t\t\t\t\t\t\t\t\t\n\t\t\t\t\t\t\t\t\t\t\t\t<div class=\"sc_boats_item_bottom_crew\">\n\t\t\t\t\t\t\t<span class=\"icon-profile\"><\/span> <strong>6<\/strong>\n\t\t\t\t\t\t<\/div>\n\t\t\t\t\t\t\t\t\t\t\t\t\n\t\t\t\t\t\t\t\t\t\t\t\t\n\t\t\t\t\t\t<div class=\"cL\"><\/div>\n\t\t\t\t\t\t\n\t\t\t\t\t<\/div>\n\t\t\t\t\t\n\t\t\t\t<\/div>\t\n\t\t\t\t\n\t\t<\/div><div class=\"column-1_2 column_padding_bottom\">\t\t\t\t\n\t\t\t\t<div id=\"sc_boats_898993503_2\" class=\"sc_boats_item sc_boats_item_2 even\">\n\t\t\t\t\t\n\t\t\t\t\t<div class=\"sc_boats_item_top\">\n\t\t\t\t\t\t<a href=\"https:\/\/puntaestrellayachts.com\/de\/boats\/luxury-yacht-alquiler\/\"><span class=\"boats_price_box\"><span class=\"boats_price_box_item\"><span class=\"boats_price_sign\">\u20ac<\/span><span class=\"boats_price\">5500<\/span><span class=\"boats_price_per\">per day<\/span><\/span><\/span><img class=\"wp-post-image\" width=\"770\" height=\"434\" alt=\"M\/Y DOUBLE D\" src=\"https:\/\/puntaestrellayachts.com\/wp-content\/uploads\/2020\/11\/Double-D-81-1-scaled-770x434.jpg\"><\/a>\t\t\t\t\t<\/div>\n\t\t\t\t\t<div class=\"sc_boats_item_middle\">\n\t\t\t\t\t\t<div class=\"sc_boats_item_middle_title\">\n\t\t\t\t\t\t\t<a href=\"https:\/\/puntaestrellayachts.com\/de\/boats\/luxury-yacht-alquiler\/\">M\/Y DOUBLE D<\/a>\t\t\t\t\t\t<\/div>\n\t\t\t\t\t\t<div class=\"sc_boats_item_middle_location\">\n\t\t\t\t\t\t\t<span class=\"icon-placeholder\"><\/span> Denia\t\t\t\t\t\t<\/div>\n\t\t\t\t\t<\/div>\n\t\t\t\t\t<div class=\"sc_boats_item_bottom\">\n\t\t\t\t\t\t\n\t\t\t\t\t\t\t\t\t\t\t\t<div class=\"sc_boats_item_bottom_length\">\n\t\t\t\t\t\t\t<span class=\"icon-meter\"><\/span> <strong>36 M<\/strong>\n\t\t\t\t\t\t<\/div>\n\t\t\t\t\t\t\t\t\t\t\t\t\n\t\t\t\t\t\t\t\t\t\t\t\t<div class=\"sc_boats_item_bottom_crew\">\n\t\t\t\t\t\t\t<span class=\"icon-profile\"><\/span> <strong>12<\/strong>\n\t\t\t\t\t\t<\/div>\n\t\t\t\t\t\t\t\t\t\t\t\t\n\t\t\t\t\t\t\t\t\t\t\t\t<div class=\"sc_boats_item_bottom_cabins\">\n\t\t\t\t\t\t\t<span class=\"icon-bed\"><\/span> <strong>12<\/strong>\n\t\t\t\t\t\t<\/div>\n\t\t\t\t\t\t\t\t\t\t\t\t\n\t\t\t\t\t\t<div class=\"cL\"><\/div>\n\t\t\t\t\t\t\n\t\t\t\t\t<\/div>\n\t\t\t\t\t\n\t\t\t\t<\/div>\t\n\t\t\t\t\n\t\t<\/div><div class=\"column-1_2 column_padding_bottom\">\t\t\t\t\n\t\t\t\t<div id=\"sc_boats_898993503_3\" class=\"sc_boats_item sc_boats_item_3 odd\">\n\t\t\t\t\t\n\t\t\t\t\t<div class=\"sc_boats_item_top\">\n\t\t\t\t\t\t<a href=\"https:\/\/puntaestrellayachts.com\/de\/boats\/estrella\/\"><span class=\"boats_price_box\"><span class=\"boats_price_box_item\"><span class=\"boats_price_sign\">\u20ac<\/span><span class=\"boats_price\">210<\/span><span class=\"boats_price_per\">per half day<\/span><\/span><\/span><img class=\"wp-post-image\" width=\"770\" height=\"434\" alt=\"M\/Y ESTRELLA\" src=\"https:\/\/puntaestrellayachts.com\/wp-content\/uploads\/2021\/06\/unnamed-5-scaled-770x434.jpg\"><\/a>\t\t\t\t\t<\/div>\n\t\t\t\t\t<div class=\"sc_boats_item_middle\">\n\t\t\t\t\t\t<div class=\"sc_boats_item_middle_title\">\n\t\t\t\t\t\t\t<a href=\"https:\/\/puntaestrellayachts.com\/de\/boats\/estrella\/\">M\/Y ESTRELLA<\/a>\t\t\t\t\t\t<\/div>\n\t\t\t\t\t\t<div class=\"sc_boats_item_middle_location\">\n\t\t\t\t\t\t\t<span class=\"icon-placeholder\"><\/span> Javea\t\t\t\t\t\t<\/div>\n\t\t\t\t\t<\/div>\n\t\t\t\t\t<div class=\"sc_boats_item_bottom\">\n\t\t\t\t\t\t\n\t\t\t\t\t\t\t\t\t\t\t\t<div class=\"sc_boats_item_bottom_length\">\n\t\t\t\t\t\t\t<span class=\"icon-meter\"><\/span> <strong>7.49 M<\/strong>\n\t\t\t\t\t\t<\/div>\n\t\t\t\t\t\t\t\t\t\t\t\t\n\t\t\t\t\t\t\t\t\t\t\t\t<div class=\"sc_boats_item_bottom_crew\">\n\t\t\t\t\t\t\t<span class=\"icon-profile\"><\/span> <strong>8<\/strong>\n\t\t\t\t\t\t<\/div>\n\t\t\t\t\t\t\t\t\t\t\t\t\n\t\t\t\t\t\t\t\t\t\t\t\t\n\t\t\t\t\t\t<div class=\"cL\"><\/div>\n\t\t\t\t\t\t\n\t\t\t\t\t<\/div>\n\t\t\t\t\t\n\t\t\t\t<\/div>\t\n\t\t\t\t\n\t\t<\/div><div class=\"column-1_2 column_padding_bottom\">\t\t\t\t\n\t\t\t\t<div id=\"sc_boats_898993503_4\" class=\"sc_boats_item sc_boats_item_4 even\">\n\t\t\t\t\t\n\t\t\t\t\t<div class=\"sc_boats_item_top\">\n\t\t\t\t\t\t<a href=\"https:\/\/puntaestrellayachts.com\/de\/boats\/m-y-five\/\"><span class=\"boats_price_box\"><span class=\"boats_price_box_item\"><span class=\"boats_price_sign\">\u20ac<\/span><span class=\"boats_price\">2550<\/span><span class=\"boats_price_per\">per day<\/span><\/span><\/span><img class=\"wp-post-image\" width=\"770\" height=\"434\" alt=\"M\/Y FIVE\" src=\"https:\/\/puntaestrellayachts.com\/wp-content\/uploads\/2021\/05\/alquiler-yate-ibiza-Princess-V53-navegando-scaled-1-770x434.jpg\"><\/a>\t\t\t\t\t<\/div>\n\t\t\t\t\t<div class=\"sc_boats_item_middle\">\n\t\t\t\t\t\t<div class=\"sc_boats_item_middle_title\">\n\t\t\t\t\t\t\t<a href=\"https:\/\/puntaestrellayachts.com\/de\/boats\/m-y-five\/\">M\/Y FIVE<\/a>\t\t\t\t\t\t<\/div>\n\t\t\t\t\t\t<div class=\"sc_boats_item_middle_location\">\n\t\t\t\t\t\t\t<span class=\"icon-placeholder\"><\/span> Denia\t\t\t\t\t\t<\/div>\n\t\t\t\t\t<\/div>\n\t\t\t\t\t<div class=\"sc_boats_item_bottom\">\n\t\t\t\t\t\t\n\t\t\t\t\t\t\t\t\t\t\t\t<div class=\"sc_boats_item_bottom_length\">\n\t\t\t\t\t\t\t<span class=\"icon-meter\"><\/span> <strong>16.12 M<\/strong>\n\t\t\t\t\t\t<\/div>\n\t\t\t\t\t\t\t\t\t\t\t\t\n\t\t\t\t\t\t\t\t\t\t\t\t<div class=\"sc_boats_item_bottom_crew\">\n\t\t\t\t\t\t\t<span class=\"icon-profile\"><\/span> <strong>12<\/strong>\n\t\t\t\t\t\t<\/div>\n\t\t\t\t\t\t\t\t\t\t\t\t\n\t\t\t\t\t\t\t\t\t\t\t\t<div class=\"sc_boats_item_bottom_cabins\">\n\t\t\t\t\t\t\t<span class=\"icon-bed\"><\/span> <strong>8<\/strong>\n\t\t\t\t\t\t<\/div>\n\t\t\t\t\t\t\t\t\t\t\t\t\n\t\t\t\t\t\t<div class=\"cL\"><\/div>\n\t\t\t\t\t\t\n\t\t\t\t\t<\/div>\n\t\t\t\t\t\n\t\t\t\t<\/div>\t\n\t\t\t\t\n\t\t<\/div><div class=\"column-1_2 column_padding_bottom\">\t\t\t\t\n\t\t\t\t<div id=\"sc_boats_898993503_5\" class=\"sc_boats_item sc_boats_item_5 odd\">\n\t\t\t\t\t\n\t\t\t\t\t<div class=\"sc_boats_item_top\">\n\t\t\t\t\t\t<a href=\"https:\/\/puntaestrellayachts.com\/de\/boats\/m-y-halley\/\"><span class=\"boats_price_box\"><span class=\"boats_price_box_item\"><span class=\"boats_price_sign\">\u20ac<\/span><span class=\"boats_price\">46500<\/span><span class=\"boats_price_per\">per week<\/span><\/span><\/span><img class=\"wp-post-image\" width=\"770\" height=\"434\" alt=\"M\/Y HALLEY\" src=\"https:\/\/puntaestrellayachts.com\/wp-content\/uploads\/2022\/06\/halley_201029_001_2000px-770x434.jpg\"><\/a>\t\t\t\t\t<\/div>\n\t\t\t\t\t<div class=\"sc_boats_item_middle\">\n\t\t\t\t\t\t<div class=\"sc_boats_item_middle_title\">\n\t\t\t\t\t\t\t<a href=\"https:\/\/puntaestrellayachts.com\/de\/boats\/m-y-halley\/\">M\/Y HALLEY<\/a>\t\t\t\t\t\t<\/div>\n\t\t\t\t\t\t<div class=\"sc_boats_item_middle_location\">\n\t\t\t\t\t\t\t<span class=\"icon-placeholder\"><\/span> Ibiza\t\t\t\t\t\t<\/div>\n\t\t\t\t\t<\/div>\n\t\t\t\t\t<div class=\"sc_boats_item_bottom\">\n\t\t\t\t\t\t\n\t\t\t\t\t\t\t\t\t\t\t\t<div class=\"sc_boats_item_bottom_length\">\n\t\t\t\t\t\t\t<span class=\"icon-meter\"><\/span> <strong>24,50m M<\/strong>\n\t\t\t\t\t\t<\/div>\n\t\t\t\t\t\t\t\t\t\t\t\t\n\t\t\t\t\t\t\t\t\t\t\t\t<div class=\"sc_boats_item_bottom_crew\">\n\t\t\t\t\t\t\t<span class=\"icon-profile\"><\/span> <strong>8<\/strong>\n\t\t\t\t\t\t<\/div>\n\t\t\t\t\t\t\t\t\t\t\t\t\n\t\t\t\t\t\t\t\t\t\t\t\t<div class=\"sc_boats_item_bottom_cabins\">\n\t\t\t\t\t\t\t<span class=\"icon-bed\"><\/span> <strong>3<\/strong>\n\t\t\t\t\t\t<\/div>\n\t\t\t\t\t\t\t\t\t\t\t\t\n\t\t\t\t\t\t<div class=\"cL\"><\/div>\n\t\t\t\t\t\t\n\t\t\t\t\t<\/div>\n\t\t\t\t\t\n\t\t\t\t<\/div>\t\n\t\t\t\t\n\t\t<\/div><div class=\"column-1_2 column_padding_bottom\">\t\t\t\t\n\t\t\t\t<div id=\"sc_boats_898993503_6\" class=\"sc_boats_item sc_boats_item_6 even\">\n\t\t\t\t\t\n\t\t\t\t\t<div class=\"sc_boats_item_top\">\n\t\t\t\t\t\t<a href=\"https:\/\/puntaestrellayachts.com\/de\/boats\/marina-vice\/\"><span class=\"boats_price_box\"><span class=\"boats_price_box_item\"><span class=\"boats_price_sign\">\u20ac<\/span><span class=\"boats_price\">525<\/span><span class=\"boats_price_per\">per day<\/span><\/span><\/span><img class=\"wp-post-image\" width=\"770\" height=\"434\" alt=\"M\/Y MARINA VICE\" src=\"https:\/\/puntaestrellayachts.com\/wp-content\/uploads\/2022\/06\/image-770x434.png\"><\/a>\t\t\t\t\t<\/div>\n\t\t\t\t\t<div class=\"sc_boats_item_middle\">\n\t\t\t\t\t\t<div class=\"sc_boats_item_middle_title\">\n\t\t\t\t\t\t\t<a href=\"https:\/\/puntaestrellayachts.com\/de\/boats\/marina-vice\/\">M\/Y MARINA VICE<\/a>\t\t\t\t\t\t<\/div>\n\t\t\t\t\t\t<div class=\"sc_boats_item_middle_location\">\n\t\t\t\t\t\t\t<span class=\"icon-placeholder\"><\/span> Denia\t\t\t\t\t\t<\/div>\n\t\t\t\t\t<\/div>\n\t\t\t\t\t<div class=\"sc_boats_item_bottom\">\n\t\t\t\t\t\t\n\t\t\t\t\t\t\t\t\t\t\t\t<div class=\"sc_boats_item_bottom_length\">\n\t\t\t\t\t\t\t<span class=\"icon-meter\"><\/span> <strong>10.87 M<\/strong>\n\t\t\t\t\t\t<\/div>\n\t\t\t\t\t\t\t\t\t\t\t\t\n\t\t\t\t\t\t\t\t\t\t\t\t<div class=\"sc_boats_item_bottom_crew\">\n\t\t\t\t\t\t\t<span class=\"icon-profile\"><\/span> <strong>10<\/strong>\n\t\t\t\t\t\t<\/div>\n\t\t\t\t\t\t\t\t\t\t\t\t\n\t\t\t\t\t\t\t\t\t\t\t\t<div class=\"sc_boats_item_bottom_cabins\">\n\t\t\t\t\t\t\t<span class=\"icon-bed\"><\/span> <strong>4<\/strong>\n\t\t\t\t\t\t<\/div>\n\t\t\t\t\t\t\t\t\t\t\t\t\n\t\t\t\t\t\t<div class=\"cL\"><\/div>\n\t\t\t\t\t\t\n\t\t\t\t\t<\/div>\n\t\t\t\t\t\n\t\t\t\t<\/div>\t\n\t\t\t\t\n\t\t<\/div><div class=\"column-1_2 column_padding_bottom\">\t\t\t\t\n\t\t\t\t<div id=\"sc_boats_898993503_7\" class=\"sc_boats_item sc_boats_item_7 odd\">\n\t\t\t\t\t\n\t\t\t\t\t<div class=\"sc_boats_item_top\">\n\t\t\t\t\t\t<a href=\"https:\/\/puntaestrellayachts.com\/de\/boats\/sagittarius\/\"><span class=\"boats_price_box\"><span class=\"boats_price_box_item\"><span class=\"boats_price_sign\">\u20ac<\/span><span class=\"boats_price\">2450<\/span><span class=\"boats_price_per\">per day<\/span><\/span><\/span><img class=\"wp-post-image\" width=\"770\" height=\"434\" alt=\"M\/Y SAGITTARIUS\" src=\"https:\/\/puntaestrellayachts.com\/wp-content\/uploads\/2021\/08\/PHOTO-2021-07-30-17-46-09-3-e1628172720856.jpg\"><\/a>\t\t\t\t\t<\/div>\n\t\t\t\t\t<div class=\"sc_boats_item_middle\">\n\t\t\t\t\t\t<div class=\"sc_boats_item_middle_title\">\n\t\t\t\t\t\t\t<a href=\"https:\/\/puntaestrellayachts.com\/de\/boats\/sagittarius\/\">M\/Y SAGITTARIUS<\/a>\t\t\t\t\t\t<\/div>\n\t\t\t\t\t\t<div class=\"sc_boats_item_middle_location\">\n\t\t\t\t\t\t\t<span class=\"icon-placeholder\"><\/span> Javea\t\t\t\t\t\t<\/div>\n\t\t\t\t\t<\/div>\n\t\t\t\t\t<div class=\"sc_boats_item_bottom\">\n\t\t\t\t\t\t\n\t\t\t\t\t\t\t\t\t\t\t\t<div class=\"sc_boats_item_bottom_length\">\n\t\t\t\t\t\t\t<span class=\"icon-meter\"><\/span> <strong>17.78 M<\/strong>\n\t\t\t\t\t\t<\/div>\n\t\t\t\t\t\t\t\t\t\t\t\t\n\t\t\t\t\t\t\t\t\t\t\t\t<div class=\"sc_boats_item_bottom_crew\">\n\t\t\t\t\t\t\t<span class=\"icon-profile\"><\/span> <strong>12<\/strong>\n\t\t\t\t\t\t<\/div>\n\t\t\t\t\t\t\t\t\t\t\t\t\n\t\t\t\t\t\t\t\t\t\t\t\t<div class=\"sc_boats_item_bottom_cabins\">\n\t\t\t\t\t\t\t<span class=\"icon-bed\"><\/span> <strong>6<\/strong>\n\t\t\t\t\t\t<\/div>\n\t\t\t\t\t\t\t\t\t\t\t\t\n\t\t\t\t\t\t<div class=\"cL\"><\/div>\n\t\t\t\t\t\t\n\t\t\t\t\t<\/div>\n\t\t\t\t\t\n\t\t\t\t<\/div>\t\n\t\t\t\t\n\t\t<\/div><div class=\"column-1_2 column_padding_bottom\">\t\t\t\t\n\t\t\t\t<div id=\"sc_boats_898993503_8\" class=\"sc_boats_item sc_boats_item_8 even\">\n\t\t\t\t\t\n\t\t\t\t\t<div class=\"sc_boats_item_top\">\n\t\t\t\t\t\t<a href=\"https:\/\/puntaestrellayachts.com\/de\/boats\/mala-vita\/\"><span class=\"boats_price_box\"><span class=\"boats_price_box_item\"><span class=\"boats_price_sign\">\u20ac<\/span><span class=\"boats_price\">475<\/span><span class=\"boats_price_per\">per day<\/span><\/span><\/span><img class=\"wp-post-image\" width=\"770\" height=\"434\" alt=\"MALA VITA\" src=\"https:\/\/puntaestrellayachts.com\/wp-content\/uploads\/2021\/03\/b55206b1-a104-45a2-8c25-8da00f643c27-770x434.jpeg\"><\/a>\t\t\t\t\t<\/div>\n\t\t\t\t\t<div class=\"sc_boats_item_middle\">\n\t\t\t\t\t\t<div class=\"sc_boats_item_middle_title\">\n\t\t\t\t\t\t\t<a href=\"https:\/\/puntaestrellayachts.com\/de\/boats\/mala-vita\/\">MALA VITA<\/a>\t\t\t\t\t\t<\/div>\n\t\t\t\t\t\t<div class=\"sc_boats_item_middle_location\">\n\t\t\t\t\t\t\t<span class=\"icon-placeholder\"><\/span> Denia\t\t\t\t\t\t<\/div>\n\t\t\t\t\t<\/div>\n\t\t\t\t\t<div class=\"sc_boats_item_bottom\">\n\t\t\t\t\t\t\n\t\t\t\t\t\t\t\t\t\t\t\t<div class=\"sc_boats_item_bottom_length\">\n\t\t\t\t\t\t\t<span class=\"icon-meter\"><\/span> <strong>9.83 M<\/strong>\n\t\t\t\t\t\t<\/div>\n\t\t\t\t\t\t\t\t\t\t\t\t\n\t\t\t\t\t\t\t\t\t\t\t\t<div class=\"sc_boats_item_bottom_crew\">\n\t\t\t\t\t\t\t<span class=\"icon-profile\"><\/span> <strong>10<\/strong>\n\t\t\t\t\t\t<\/div>\n\t\t\t\t\t\t\t\t\t\t\t\t\n\t\t\t\t\t\t\t\t\t\t\t\t<div class=\"sc_boats_item_bottom_cabins\">\n\t\t\t\t\t\t\t<span class=\"icon-bed\"><\/span> <strong>4<\/strong>\n\t\t\t\t\t\t<\/div>\n\t\t\t\t\t\t\t\t\t\t\t\t\n\t\t\t\t\t\t<div class=\"cL\"><\/div>\n\t\t\t\t\t\t\n\t\t\t\t\t<\/div>\n\t\t\t\t\t\n\t\t\t\t<\/div>\t\n\t\t\t\t\n\t\t<\/div><\/div><\/div><!-- \/.sc_boats --><\/div><!-- \/.sc_boats_wrap --><a href=\"\/de\/reservierungen\/\" class=\"sc_button sc_button_round sc_button_style_filled sc_button_style_color_style_color_1 sc_button_size_large aligncenter margin_top_medium\">BUCHEN SIE IHR BOOT<\/a><\/div><\/div><\/div>[\/vc_column][\/vc_row]<\/p>\n","protected":false},"excerpt":{"rendered":"<p>[vc_row][vc_column][\/vc_column][\/vc_row]<\/p>\n","protected":false},"author":90,"featured_media":0,"parent":0,"menu_order":0,"comment_status":"closed","ping_status":"closed","template":"","meta":[],"yoast_head":"<!-- This site is optimized with the Yoast SEO plugin v18.9 - https:\/\/yoast.com\/wordpress\/plugins\/seo\/ -->\n<title>MOTORBOOTE - Punta Estrella Yacht Services<\/title>\n<meta name=\"robots\" content=\"index, follow, max-snippet:-1, max-image-preview:large, max-video-preview:-1\" \/>\n<link rel=\"canonical\" href=\"https:\/\/puntaestrellayachts.com\/de\/motorboote\/\" \/>\n<meta property=\"og:locale\" content=\"de_DE\" \/>\n<meta property=\"og:type\" content=\"article\" \/>\n<meta property=\"og:title\" content=\"MOTORBOOTE - Punta Estrella Yacht Services\" \/>\n<meta property=\"og:description\" content=\"[vc_row][vc_column][\/vc_column][\/vc_row]\" \/>\n<meta property=\"og:url\" content=\"https:\/\/puntaestrellayachts.com\/de\/motorboote\/\" \/>\n<meta property=\"og:site_name\" content=\"Punta Estrella Yacht Services\" \/>\n<meta property=\"article:modified_time\" content=\"2024-07-30T19:21:51+00:00\" \/>\n<meta name=\"twitter:card\" content=\"summary_large_image\" \/>\n<meta name=\"twitter:label1\" content=\"Gesch\u00e4tzte Lesezeit\" \/>\n\t<meta name=\"twitter:data1\" content=\"1 Minute\" \/>\n<script type=\"application\/ld+json\" class=\"yoast-schema-graph\">{\"@context\":\"https:\/\/schema.org\",\"@graph\":[{\"@type\":\"Organization\",\"@id\":\"https:\/\/puntaestrellayachts.com\/es\/#organization\",\"name\":\"Punta Estrella Yacht Services\",\"url\":\"https:\/\/puntaestrellayachts.com\/es\/\",\"sameAs\":[],\"logo\":{\"@type\":\"ImageObject\",\"inLanguage\":\"de-DE\",\"@id\":\"https:\/\/puntaestrellayachts.com\/es\/#\/schema\/logo\/image\/\",\"url\":\"https:\/\/puntaestrellayachts.com\/wp-content\/uploads\/2020\/05\/logo-home.png\",\"contentUrl\":\"https:\/\/puntaestrellayachts.com\/wp-content\/uploads\/2020\/05\/logo-home.png\",\"width\":168,\"height\":91,\"caption\":\"Punta Estrella Yacht Services\"},\"image\":{\"@id\":\"https:\/\/puntaestrellayachts.com\/es\/#\/schema\/logo\/image\/\"}},{\"@type\":\"WebSite\",\"@id\":\"https:\/\/puntaestrellayachts.com\/es\/#website\",\"url\":\"https:\/\/puntaestrellayachts.com\/es\/\",\"name\":\"Punta Estrella Yacht Services\",\"description\":\"\",\"publisher\":{\"@id\":\"https:\/\/puntaestrellayachts.com\/es\/#organization\"},\"potentialAction\":[{\"@type\":\"SearchAction\",\"target\":{\"@type\":\"EntryPoint\",\"urlTemplate\":\"https:\/\/puntaestrellayachts.com\/es\/?s={search_term_string}\"},\"query-input\":\"required name=search_term_string\"}],\"inLanguage\":\"de-DE\"},{\"@type\":\"WebPage\",\"@id\":\"https:\/\/puntaestrellayachts.com\/de\/motorboote\/#webpage\",\"url\":\"https:\/\/puntaestrellayachts.com\/de\/motorboote\/\",\"name\":\"MOTORBOOTE - Punta Estrella Yacht Services\",\"isPartOf\":{\"@id\":\"https:\/\/puntaestrellayachts.com\/es\/#website\"},\"datePublished\":\"2021-05-05T13:42:39+00:00\",\"dateModified\":\"2024-07-30T19:21:51+00:00\",\"breadcrumb\":{\"@id\":\"https:\/\/puntaestrellayachts.com\/de\/motorboote\/#breadcrumb\"},\"inLanguage\":\"de-DE\",\"potentialAction\":[{\"@type\":\"ReadAction\",\"target\":[\"https:\/\/puntaestrellayachts.com\/de\/motorboote\/\"]}]},{\"@type\":\"BreadcrumbList\",\"@id\":\"https:\/\/puntaestrellayachts.com\/de\/motorboote\/#breadcrumb\",\"itemListElement\":[{\"@type\":\"ListItem\",\"position\":1,\"name\":\"Home\",\"item\":\"https:\/\/puntaestrellayachts.com\/de\/\"},{\"@type\":\"ListItem\",\"position\":2,\"name\":\"MOTORBOOTE\"}]}]}<\/script>\n<!-- \/ Yoast SEO plugin. -->","yoast_head_json":{"title":"MOTORBOOTE - Punta Estrella Yacht Services","robots":{"index":"index","follow":"follow","max-snippet":"max-snippet:-1","max-image-preview":"max-image-preview:large","max-video-preview":"max-video-preview:-1"},"canonical":"https:\/\/puntaestrellayachts.com\/de\/motorboote\/","og_locale":"de_DE","og_type":"article","og_title":"MOTORBOOTE - Punta Estrella Yacht Services","og_description":"[vc_row][vc_column][\/vc_column][\/vc_row]","og_url":"https:\/\/puntaestrellayachts.com\/de\/motorboote\/","og_site_name":"Punta Estrella Yacht Services","article_modified_time":"2024-07-30T19:21:51+00:00","twitter_card":"summary_large_image","twitter_misc":{"Gesch\u00e4tzte Lesezeit":"1 Minute"},"schema":{"@context":"https:\/\/schema.org","@graph":[{"@type":"Organization","@id":"https:\/\/puntaestrellayachts.com\/es\/#organization","name":"Punta Estrella Yacht Services","url":"https:\/\/puntaestrellayachts.com\/es\/","sameAs":[],"logo":{"@type":"ImageObject","inLanguage":"de-DE","@id":"https:\/\/puntaestrellayachts.com\/es\/#\/schema\/logo\/image\/","url":"https:\/\/puntaestrellayachts.com\/wp-content\/uploads\/2020\/05\/logo-home.png","contentUrl":"https:\/\/puntaestrellayachts.com\/wp-content\/uploads\/2020\/05\/logo-home.png","width":168,"height":91,"caption":"Punta Estrella Yacht Services"},"image":{"@id":"https:\/\/puntaestrellayachts.com\/es\/#\/schema\/logo\/image\/"}},{"@type":"WebSite","@id":"https:\/\/puntaestrellayachts.com\/es\/#website","url":"https:\/\/puntaestrellayachts.com\/es\/","name":"Punta Estrella Yacht Services","description":"","publisher":{"@id":"https:\/\/puntaestrellayachts.com\/es\/#organization"},"potentialAction":[{"@type":"SearchAction","target":{"@type":"EntryPoint","urlTemplate":"https:\/\/puntaestrellayachts.com\/es\/?s={search_term_string}"},"query-input":"required name=search_term_string"}],"inLanguage":"de-DE"},{"@type":"WebPage","@id":"https:\/\/puntaestrellayachts.com\/de\/motorboote\/#webpage","url":"https:\/\/puntaestrellayachts.com\/de\/motorboote\/","name":"MOTORBOOTE - Punta Estrella Yacht Services","isPartOf":{"@id":"https:\/\/puntaestrellayachts.com\/es\/#website"},"datePublished":"2021-05-05T13:42:39+00:00","dateModified":"2024-07-30T19:21:51+00:00","breadcrumb":{"@id":"https:\/\/puntaestrellayachts.com\/de\/motorboote\/#breadcrumb"},"inLanguage":"de-DE","potentialAction":[{"@type":"ReadAction","target":["https:\/\/puntaestrellayachts.com\/de\/motorboote\/"]}]},{"@type":"BreadcrumbList","@id":"https:\/\/puntaestrellayachts.com\/de\/motorboote\/#breadcrumb","itemListElement":[{"@type":"ListItem","position":1,"name":"Home","item":"https:\/\/puntaestrellayachts.com\/de\/"},{"@type":"ListItem","position":2,"name":"MOTORBOOTE"}]}]}},"_links":{"self":[{"href":"https:\/\/puntaestrellayachts.com\/de\/wp-json\/wp\/v2\/pages\/4439"}],"collection":[{"href":"https:\/\/puntaestrellayachts.com\/de\/wp-json\/wp\/v2\/pages"}],"about":[{"href":"https:\/\/puntaestrellayachts.com\/de\/wp-json\/wp\/v2\/types\/page"}],"author":[{"embeddable":true,"href":"https:\/\/puntaestrellayachts.com\/de\/wp-json\/wp\/v2\/users\/90"}],"replies":[{"embeddable":true,"href":"https:\/\/puntaestrellayachts.com\/de\/wp-json\/wp\/v2\/comments?post=4439"}],"version-history":[{"count":7,"href":"https:\/\/puntaestrellayachts.com\/de\/wp-json\/wp\/v2\/pages\/4439\/revisions"}],"predecessor-version":[{"id":6560,"href":"https:\/\/puntaestrellayachts.com\/de\/wp-json\/wp\/v2\/pages\/4439\/revisions\/6560"}],"wp:attachment":[{"href":"https:\/\/puntaestrellayachts.com\/de\/wp-json\/wp\/v2\/media?parent=4439"}],"curies":[{"name":"wp","href":"https:\/\/api.w.org\/{rel}","templated":true}]}}